{"id":379,"date":"2022-05-09T01:31:16","date_gmt":"2022-05-09T04:31:16","guid":{"rendered":"https:\/\/cacic2022.unlar.edu.ar\/?page_id=379"},"modified":"2022-09-29T21:27:08","modified_gmt":"2022-09-30T00:27:08","slug":"workshops","status":"publish","type":"page","link":"https:\/\/cacic2022.unlar.edu.ar\/?page_id=379","title":{"rendered":"workshops"},"content":{"rendered":"\t\t<div data-elementor-type=\"wp-page\" data-elementor-id=\"379\" class=\"elementor elementor-379\">\n\t\t\t\t\t\t\t\t\t<section class=\"elementor-section elementor-top-section elementor-element elementor-element-79aa229 elementor-section-content-middle elementor-section-full_width elementor-section-height-default elementor-section-height-default\" data-id=\"79aa229\" data-element_type=\"section\" data-settings=\"{&quot;background_background&quot;:&quot;slideshow&quot;,&quot;background_slideshow_gallery&quot;:[{&quot;id&quot;:972,&quot;url&quot;:&quot;https:\\\/\\\/cacic2022.unlar.edu.ar\\\/wp-content\\\/uploads\\\/2022\\\/06\\\/CALL-OF-PAPER4.png&quot;}],&quot;background_slideshow_loop&quot;:&quot;yes&quot;,&quot;background_slideshow_slide_duration&quot;:5000,&quot;background_slideshow_slide_transition&quot;:&quot;fade&quot;,&quot;background_slideshow_transition_duration&quot;:500}\">\n\t\t\t\t\t\t\t<div class=\"elementor-background-overlay\"><\/div>\n\t\t\t\t\t\t\t<div class=\"elementor-container elementor-column-gap-no\">\n\t\t\t\t\t<div class=\"elementor-column elementor-col-100 elementor-top-column elementor-element elementor-element-b1d884e\" data-id=\"b1d884e\" data-element_type=\"column\">\n\t\t\t<div class=\"elementor-widget-wrap elementor-element-populated\">\n\t\t\t\t\t\t\t\t<div class=\"elementor-element elementor-element-d6162a3 elementor-view-default elementor-vertical-align-top elementor-widget elementor-widget-icon-box\" data-id=\"d6162a3\" data-element_type=\"widget\" data-widget_type=\"icon-box.default\">\n\t\t\t\t<div class=\"elementor-widget-container\">\n\t\t\t<link rel=\"stylesheet\" href=\"https:\/\/cacic2022.unlar.edu.ar\/wp-content\/plugins\/elementor\/assets\/css\/widget-icon-box.min.css\">\t\t<div class=\"elementor-icon-box-wrapper\">\n\t\t\t\t\t\t<div class=\"elementor-icon-box-content\">\n\t\t\t\t<h4 class=\"elementor-icon-box-title\">\n\t\t\t\t\t<span  >\n\t\t\t\t\t\t\t\t\t\t\t<\/span>\n\t\t\t\t<\/h4>\n\t\t\t\t\t\t\t\t\t<p class=\"elementor-icon-box-description\">\n\t\t\t\t\t\tWorkshops\t\t\t\t\t<\/p>\n\t\t\t\t\t\t\t<\/div>\n\t\t<\/div>\n\t\t\t\t<\/div>\n\t\t\t\t<\/div>\n\t\t\t\t\t<\/div>\n\t\t<\/div>\n\t\t\t\t\t\t\t<\/div>\n\t\t<\/section>\n\t\t\t\t<section class=\"elementor-section elementor-top-section elementor-element elementor-element-82873e4 elementor-section-boxed elementor-section-height-default elementor-section-height-default\" data-id=\"82873e4\" data-element_type=\"section\">\n\t\t\t\t\t\t<div class=\"elementor-container elementor-column-gap-default\">\n\t\t\t\t\t<div class=\"elementor-column elementor-col-100 elementor-top-column elementor-element elementor-element-6dcfecc\" data-id=\"6dcfecc\" data-element_type=\"column\">\n\t\t\t<div class=\"elementor-widget-wrap elementor-element-populated\">\n\t\t\t\t\t\t\t\t<div class=\"elementor-element elementor-element-c25f825 elementor-widget elementor-widget-text-editor\" data-id=\"c25f825\" data-element_type=\"widget\" data-widget_type=\"text-editor.default\">\n\t\t\t\t<div class=\"elementor-widget-container\">\n\t\t\t<style>\/*! elementor - v3.6.5 - 27-04-2022 *\/\n.elementor-widget-text-editor.elementor-drop-cap-view-stacked .elementor-drop-cap{background-color:#818a91;color:#fff}.elementor-widget-text-editor.elementor-drop-cap-view-framed .elementor-drop-cap{color:#818a91;border:3px solid;background-color:transparent}.elementor-widget-text-editor:not(.elementor-drop-cap-view-default) .elementor-drop-cap{margin-top:8px}.elementor-widget-text-editor:not(.elementor-drop-cap-view-default) .elementor-drop-cap-letter{width:1em;height:1em}.elementor-widget-text-editor .elementor-drop-cap{float:left;text-align:center;line-height:1;font-size:50px}.elementor-widget-text-editor .elementor-drop-cap-letter{display:inline-block}<\/style>\t\t\t\t<p><strong><a href=\"https:\/\/cacic2022.unlar.edu.ar\/index.php\/workshop-agentes-y-sistemas-inteligentes-wasi\/\">XXIII Workshop agentes y sistemas inteligentes (WASI)<\/a>\u00a0<\/strong><br \/>Guillermo Leguizam\u00f3n (UNSL)<br \/>Carolina Salto (UNLPam)<br \/>Daniel Fridlender (UNC)<br \/><strong><a href=\"https:\/\/cacic2022.unlar.edu.ar\/index.php\/workshop-procesamiento-distribuido-y-paralelo-wpdp\/\">XXIII Workshop procesamiento distribuido y paralelo (WPDP)<\/a><\/strong><br \/>Fabiana Piccoli (UNSL)<br \/>Laura De Giusti (UNLP)<br \/>Carlos Garc\u00eda Garino (UNCu)<br \/><strong><a href=\"https:\/\/cacic2022.unlar.edu.ar\/index.php\/workshop-tecnologia-informatica-aplicada-en-educacion-wtiae\/\">XXI Workshop Tecnolog\u00eda Inform\u00e1tica aplicada en Educaci\u00f3n (WTIAE)<\/a><\/strong><br \/>Sonia Rueda (UNS)<br \/>Ver\u00f3nica Artola (UNLP)<br \/>Claudia Russo (UNNOBA)<br \/><strong><a href=\"https:\/\/cacic2022.unlar.edu.ar\/index.php\/workshop-computacion-grafica-imagenes-y-visualizacion\/\">XX Workshop Computaci\u00f3n grafica, Im\u00e1genes y Visualizaci\u00f3n (WCGIV)<\/a><\/strong><strong><a href=\"https:\/\/cacic2022.unlar.edu.ar\/index.php\/workshop-computacion-grafica-imagenes-y-visualizacion\/\">\u00a0<\/a><\/strong><br \/>Mar\u00eda Luj\u00e1n Ganuza (UNS)<br \/>Roberto Guerrero (UNSL)<br \/>Oscar Br\u00eda (INVAP)<br \/><strong><a href=\"https:\/\/cacic2022.unlar.edu.ar\/index.php\/workshop-ingenieria-de-software-wis\/\">XIX Workshop Ingenier\u00eda de Software (WIS)<\/a><\/strong><br \/>Patricia Pesado (UNLP)<br \/>Elsa Estevez (UNS)<br \/>Alejandra Cechich (UNCOMA)<br \/><strong><a href=\"https:\/\/cacic2022.unlar.edu.ar\/index.php\/workshop-base-de-datos-y-mineria-de-datos-wbdmd\/\">XIX Workshop base de datos y Miner\u00eda de datos (WBDMD)<\/a><\/strong><br \/>Rodolfo Bertone (UNLP)<br \/>Hugo Alfonso (UNLPam)<br \/>Nora Reyes (UNSL)<br \/><strong><a href=\"https:\/\/cacic2022.unlar.edu.ar\/index.php\/workshop-arquitectura-redes-y-sistemas-operativos-warso\/\">XVII Workshop arquitectura redes y sistemas operativos (WARSO)<\/a><\/strong><br \/>Carlos Buckle (UNPSJB)<br \/>Marcelo Arroyo (UNRC)<br \/>Jorge Ardenghi (UNS)<br \/><strong><a href=\"https:\/\/cacic2022.unlar.edu.ar\/index.php\/workshop-innovacion-en-sistemas-de-software-wiss\/\">XV Workshop Innovaci\u00f3n en sistemas de Software (WISS)<\/a><\/strong><br \/>Pablo Fillottrani (UNS)<br \/>Marcelo Estayno (UNLZ)<br \/>Alicia Mon (ITBA)<br \/>Dante Zanarini (UNR)<br \/><strong><a href=\"https:\/\/cacic2022.unlar.edu.ar\/index.php\/workshop-procesamiento-de-senales-y-sistemas-de-tiempo-real-wpsstr\/\">XIII Workshop procesamiento de se\u00f1ales y sistemas de tiempo real (WPSSTR)<\/a><\/strong><br \/>Horacio Villagarcia Wanza (UNLP)<br \/>Emanuel Frati (UNdeC)<br \/>Jorge Ierache (UM)<br \/><strong><a href=\"https:\/\/cacic2022.unlar.edu.ar\/index.php\/workshop-seguridad-informatica-wsi\/\">XI Workshop seguridad Inform\u00e1tica (WSI)<\/a><\/strong><br \/>Javier Diaz (UNLP)<br \/>Hugo Ram\u00f3n (UNNOBA)<br \/>Claudio Aciti (UNCPBA)<br \/><strong><a href=\"https:\/\/cacic2022.unlar.edu.ar\/index.php\/workshop-innovacion-en-educacion-en-informatica-wiei\/\">XI Workshop Innovaci\u00f3n en Educaci\u00f3n en Inform\u00e1tica (WIEI)<\/a><\/strong><br \/>Cecilia Sanz (UNLP)<br \/>Beatriz Depetris (UNDTF)<br \/>Marcelo De Vincenzi (UAI)<br \/><strong><a href=\"https:\/\/cacic2022.unlar.edu.ar\/index.php\/track-gobierno-digital-y-ciudades-inteligentes\/\">Track \u00abGobierno Digital y Ciudades Inteligentes\u00bb\u00a0<\/a><\/strong><br \/>Elsa Estevez (UNS)<br \/>Ariel Pasini (UNLP)<\/p>\t\t\t\t\t\t<\/div>\n\t\t\t\t<\/div>\n\t\t\t\t\t<\/div>\n\t\t<\/div>\n\t\t\t\t\t\t\t<\/div>\n\t\t<\/section>\n\t\t\t\t<section class=\"elementor-section elementor-top-section elementor-element elementor-element-0c9f26a elementor-section-boxed elementor-section-height-default elementor-section-height-default\" data-id=\"0c9f26a\" data-element_type=\"section\">\n\t\t\t\t\t\t<div class=\"elementor-container elementor-column-gap-default\">\n\t\t\t\t\t<div class=\"elementor-column elementor-col-100 elementor-top-column elementor-element elementor-element-3cd2037\" data-id=\"3cd2037\" data-element_type=\"column\">\n\t\t\t<div class=\"elementor-widget-wrap elementor-element-populated\">\n\t\t\t\t\t\t\t\t<div class=\"elementor-element elementor-element-20fa382 elementor-align-center elementor-widget elementor-widget-button\" data-id=\"20fa382\" data-element_type=\"widget\" data-widget_type=\"button.default\">\n\t\t\t\t<div class=\"elementor-widget-container\">\n\t\t\t\t\t<div class=\"elementor-button-wrapper\">\n\t\t\t<a href=\"https:\/\/cacic2022.unlar.edu.ar\/wp-content\/uploads\/2022\/09\/FULL-PAPERS-y-SPG-ACEPTADOS-POR-TRACK.pdf\" class=\"elementor-button-link elementor-button elementor-size-xl\" role=\"button\">\n\t\t\t\t\t\t<span class=\"elementor-button-content-wrapper\">\n\t\t\t\t\t\t\t<span class=\"elementor-button-icon elementor-align-icon-left\">\n\t\t\t\t<i aria-hidden=\"true\" class=\"far fa-file-pdf\"><\/i>\t\t\t<\/span>\n\t\t\t\t\t\t<span class=\"elementor-button-text\">Descargar Paper Full y Short Paper aceptados<\/span>\n\t\t<\/span>\n\t\t\t\t\t<\/a>\n\t\t<\/div>\n\t\t\t\t<\/div>\n\t\t\t\t<\/div>\n\t\t\t\t<div class=\"elementor-element elementor-element-19a656e elementor-align-center elementor-widget elementor-widget-button\" data-id=\"19a656e\" data-element_type=\"widget\" data-widget_type=\"button.default\">\n\t\t\t\t<div class=\"elementor-widget-container\">\n\t\t\t\t\t<div class=\"elementor-button-wrapper\">\n\t\t\t<a href=\"https:\/\/forms.gle\/rAFb2uRSn3JmW41h8\" class=\"elementor-button-link elementor-button elementor-size-lg\" role=\"button\">\n\t\t\t\t\t\t<span class=\"elementor-button-content-wrapper\">\n\t\t\t\t\t\t\t<span class=\"elementor-button-icon elementor-align-icon-left\">\n\t\t\t\t<i aria-hidden=\"true\" class=\"far fa-question-circle\"><\/i>\t\t\t<\/span>\n\t\t\t\t\t\t<span class=\"elementor-button-text\">SI SU EXPOSICION SERA VIRTUAL COMPLETE EL   CUESTIONARIO<\/span>\n\t\t<\/span>\n\t\t\t\t\t<\/a>\n\t\t<\/div>\n\t\t\t\t<\/div>\n\t\t\t\t<\/div>\n\t\t\t\t\t<\/div>\n\t\t<\/div>\n\t\t\t\t\t\t\t<\/div>\n\t\t<\/section>\n\t\t\t\t\t\t\t<\/div>\n\t\t","protected":false},"excerpt":{"rendered":"<p>Workshops XXIII Workshop agentes y sistemas inteligentes (WASI)\u00a0Guillermo Leguizam\u00f3n (UNSL)Carolina Salto (UNLPam)Daniel Fridlender (UNC)XXIII Workshop procesamiento distribuido y paralelo (WPDP)Fabiana Piccoli (UNSL)Laura De Giusti (UNLP)Carlos Garc\u00eda Garino (UNCu)XXI Workshop Tecnolog\u00eda Inform\u00e1tica aplicada en Educaci\u00f3n (WTIAE)Sonia Rueda (UNS)Ver\u00f3nica Artola (UNLP)Claudia Russo (UNNOBA)XX Workshop Computaci\u00f3n grafica, Im\u00e1genes y Visualizaci\u00f3n (WCGIV)\u00a0Mar\u00eda Luj\u00e1n Ganuza (UNS)Roberto Guerrero (UNSL)Oscar Br\u00eda (INVAP)XIX &hellip;<\/p>\n<p class=\"read-more\"> <a class=\"\" href=\"https:\/\/cacic2022.unlar.edu.ar\/?page_id=379\"> <span class=\"screen-reader-text\">workshops<\/span> Leer m\u00e1s &raquo;<\/a><\/p>\n","protected":false},"author":1,"featured_media":0,"parent":0,"menu_order":0,"comment_status":"closed","ping_status":"closed","template":"","meta":{"site-sidebar-layout":"no-sidebar","site-content-layout":"page-builder","ast-global-header-display":"","ast-main-header-display":"","ast-hfb-above-header-display":"","ast-hfb-below-header-display":"","ast-hfb-mobile-header-display":"","site-post-title":"disabled","ast-breadcrumbs-content":"","ast-featured-img":"disabled","footer-sml-layout":"","theme-transparent-header-meta":"","adv-header-id-meta":"","stick-header-meta":"","header-above-stick-meta":"","header-main-stick-meta":"","header-below-stick-meta":""},"_links":{"self":[{"href":"https:\/\/cacic2022.unlar.edu.ar\/index.php?rest_route=\/wp\/v2\/pages\/379"}],"collection":[{"href":"https:\/\/cacic2022.unlar.edu.ar\/index.php?rest_route=\/wp\/v2\/pages"}],"about":[{"href":"https:\/\/cacic2022.unlar.edu.ar\/index.php?rest_route=\/wp\/v2\/types\/page"}],"author":[{"embeddable":true,"href":"https:\/\/cacic2022.unlar.edu.ar\/index.php?rest_route=\/wp\/v2\/users\/1"}],"replies":[{"embeddable":true,"href":"https:\/\/cacic2022.unlar.edu.ar\/index.php?rest_route=%2Fwp%2Fv2%2Fcomments&post=379"}],"version-history":[{"count":88,"href":"https:\/\/cacic2022.unlar.edu.ar\/index.php?rest_route=\/wp\/v2\/pages\/379\/revisions"}],"predecessor-version":[{"id":2309,"href":"https:\/\/cacic2022.unlar.edu.ar\/index.php?rest_route=\/wp\/v2\/pages\/379\/revisions\/2309"}],"wp:attachment":[{"href":"https:\/\/cacic2022.unlar.edu.ar\/index.php?rest_route=%2Fwp%2Fv2%2Fmedia&parent=379"}],"curies":[{"name":"wp","href":"https:\/\/api.w.org\/{rel}","templated":true}]}}