{"id":373,"date":"2022-05-09T01:30:14","date_gmt":"2022-05-09T04:30:14","guid":{"rendered":"https:\/\/cacic2022.unlar.edu.ar\/?page_id=373"},"modified":"2022-11-24T13:12:35","modified_gmt":"2022-11-24T16:12:35","slug":"papers-aceptados","status":"publish","type":"page","link":"https:\/\/cacic2022.unlar.edu.ar\/?page_id=373","title":{"rendered":"papers aceptados"},"content":{"rendered":"\t\t<div data-elementor-type=\"wp-page\" data-elementor-id=\"373\" class=\"elementor elementor-373\">\n\t\t\t\t\t\t\t\t\t<section class=\"elementor-section elementor-top-section elementor-element elementor-element-f81d9ab elementor-section-content-middle elementor-section-full_width elementor-section-height-default elementor-section-height-default\" data-id=\"f81d9ab\" data-element_type=\"section\" data-settings=\"{&quot;background_background&quot;:&quot;slideshow&quot;,&quot;background_slideshow_gallery&quot;:[{&quot;id&quot;:972,&quot;url&quot;:&quot;https:\\\/\\\/cacic2022.unlar.edu.ar\\\/wp-content\\\/uploads\\\/2022\\\/06\\\/CALL-OF-PAPER4.png&quot;}],&quot;background_slideshow_loop&quot;:&quot;yes&quot;,&quot;background_slideshow_slide_duration&quot;:5000,&quot;background_slideshow_slide_transition&quot;:&quot;fade&quot;,&quot;background_slideshow_transition_duration&quot;:500}\">\n\t\t\t\t\t\t\t<div class=\"elementor-background-overlay\"><\/div>\n\t\t\t\t\t\t\t<div class=\"elementor-container elementor-column-gap-no\">\n\t\t\t\t\t<div class=\"elementor-column elementor-col-100 elementor-top-column elementor-element elementor-element-18b8f39\" data-id=\"18b8f39\" data-element_type=\"column\">\n\t\t\t<div class=\"elementor-widget-wrap elementor-element-populated\">\n\t\t\t\t\t\t\t\t<div class=\"elementor-element elementor-element-8969fcd elementor-view-default elementor-vertical-align-top elementor-widget elementor-widget-icon-box\" data-id=\"8969fcd\" data-element_type=\"widget\" data-widget_type=\"icon-box.default\">\n\t\t\t\t<div class=\"elementor-widget-container\">\n\t\t\t<link rel=\"stylesheet\" href=\"https:\/\/cacic2022.unlar.edu.ar\/wp-content\/plugins\/elementor\/assets\/css\/widget-icon-box.min.css\">\t\t<div class=\"elementor-icon-box-wrapper\">\n\t\t\t\t\t\t<div class=\"elementor-icon-box-content\">\n\t\t\t\t<h4 class=\"elementor-icon-box-title\">\n\t\t\t\t\t<span  >\n\t\t\t\t\t\t\t\t\t\t\t<\/span>\n\t\t\t\t<\/h4>\n\t\t\t\t\t\t\t\t\t<p class=\"elementor-icon-box-description\">\n\t\t\t\t\t\tPAPERS ACEPTADOS\t\t\t\t\t<\/p>\n\t\t\t\t\t\t\t<\/div>\n\t\t<\/div>\n\t\t\t\t<\/div>\n\t\t\t\t<\/div>\n\t\t\t\t\t<\/div>\n\t\t<\/div>\n\t\t\t\t\t\t\t<\/div>\n\t\t<\/section>\n\t\t\t\t<section class=\"elementor-section elementor-top-section elementor-element elementor-element-234f691 elementor-section-boxed elementor-section-height-default elementor-section-height-default\" data-id=\"234f691\" data-element_type=\"section\">\n\t\t\t\t\t\t<div class=\"elementor-container elementor-column-gap-default\">\n\t\t\t\t\t<div class=\"elementor-column elementor-col-100 elementor-top-column elementor-element elementor-element-9c21734\" data-id=\"9c21734\" data-element_type=\"column\">\n\t\t\t<div class=\"elementor-widget-wrap elementor-element-populated\">\n\t\t\t\t\t\t\t\t<div class=\"elementor-element elementor-element-43bc17f elementor-widget elementor-widget-text-editor\" data-id=\"43bc17f\" data-element_type=\"widget\" data-widget_type=\"text-editor.default\">\n\t\t\t\t<div class=\"elementor-widget-container\">\n\t\t\t<style>\/*! elementor - v3.6.5 - 27-04-2022 *\/\n.elementor-widget-text-editor.elementor-drop-cap-view-stacked .elementor-drop-cap{background-color:#818a91;color:#fff}.elementor-widget-text-editor.elementor-drop-cap-view-framed .elementor-drop-cap{color:#818a91;border:3px solid;background-color:transparent}.elementor-widget-text-editor:not(.elementor-drop-cap-view-default) .elementor-drop-cap{margin-top:8px}.elementor-widget-text-editor:not(.elementor-drop-cap-view-default) .elementor-drop-cap-letter{width:1em;height:1em}.elementor-widget-text-editor .elementor-drop-cap{float:left;text-align:center;line-height:1;font-size:50px}.elementor-widget-text-editor .elementor-drop-cap-letter{display:inline-block}<\/style>\t\t\t\t\t\t\t\t\t\t<\/div>\n\t\t\t\t<\/div>\n\t\t\t\t\t<\/div>\n\t\t<\/div>\n\t\t\t\t\t\t\t<\/div>\n\t\t<\/section>\n\t\t\t\t<section class=\"elementor-section elementor-top-section elementor-element elementor-element-7b6b47f elementor-section-boxed elementor-section-height-default elementor-section-height-default\" data-id=\"7b6b47f\" data-element_type=\"section\">\n\t\t\t\t\t\t<div class=\"elementor-container elementor-column-gap-default\">\n\t\t\t\t\t<div class=\"elementor-column elementor-col-100 elementor-top-column elementor-element elementor-element-8b5289d\" data-id=\"8b5289d\" data-element_type=\"column\">\n\t\t\t<div class=\"elementor-widget-wrap elementor-element-populated\">\n\t\t\t\t\t\t\t\t<div class=\"elementor-element elementor-element-283dffb elementor-widget elementor-widget-text-editor\" data-id=\"283dffb\" data-element_type=\"widget\" data-widget_type=\"text-editor.default\">\n\t\t\t\t<div class=\"elementor-widget-container\">\n\t\t\t\t\t\t\t<table style=\"background-color: var(--ast-global-color-4); color: var(--ast-global-color-3); font-size: 1rem;\"><tbody><tr><td width=\"283\"><p><span style=\"color: #0000ff;\"><strong>FULL PAPERS:\u00a0<\/strong><\/span><\/p><p><span style=\"background-color: var(--ast-global-color-4);\"><b>14155: Predicci\u00f3n de incendios forestales mediante modelos de Machine Learning.<\/b><\/span><\/p><p><b>14172: Software inteligente para la digitalizaci\u00f3n de placas espectrosc\u00f3picas.<\/b><\/p><p><b>14187: Detecci\u00f3n de Intrusiones en Redes Industriales. Evaluaci\u00f3n Experimental de Algoritmos de Aprendizaje de M\u00e1quina.<\/b><\/p><p><b>14232: Entorno de Simulaci\u00f3n basado en DEVS para Agentes de Aprendizaje por Refuerzo aplicado a la Generaci\u00f3n y Administraci\u00f3n de Energ\u00edas Renovables.<\/b><\/p><p><b>14247: Evaluaci\u00f3n de Variantes de la Metaheur\u00edstica VNS para el Problema de Planificaci\u00f3n de M\u00e1quinas Paralelas.<\/b><\/p><div>\u00a0<\/div><\/td><td width=\"283\"><p><strong style=\"color: #0000ff; font-style: inherit; background-color: var(--ast-global-color-4);\">SHORT PAPERS:<\/strong><\/p><p><strong style=\"font-size: 16px; font-family: inherit;\">14259: Marco Metodol\u00f3gico para el Desarrollo de un Sistema de Reconocimiento Biom\u00e9trico Mediante T\u00e9cnicas de Machine Learning.<\/strong><\/p><p><strong>14293: Data Cleansing en entornos Big Data: Mapeo Sistem\u00e1tico de la Literatura.<br \/><\/strong><\/p><p><strong>\u00a0<\/strong><\/p><p><strong>\u00a0<\/strong><\/p><p><strong>\u00a0<\/strong><\/p><p><strong>\u00a0<\/strong><\/p><p><strong>\u00a0<\/strong><\/p><p>\u00a0<\/p><\/td><\/tr><\/tbody><\/table>\t\t\t\t\t\t<\/div>\n\t\t\t\t<\/div>\n\t\t\t\t\t<\/div>\n\t\t<\/div>\n\t\t\t\t\t\t\t<\/div>\n\t\t<\/section>\n\t\t\t\t\t\t\t<\/div>\n\t\t","protected":false},"excerpt":{"rendered":"<p>PAPERS ACEPTADOS FULL PAPERS:\u00a0 14155: Predicci\u00f3n de incendios forestales mediante modelos de Machine Learning. 14172: Software inteligente para la digitalizaci\u00f3n de placas espectrosc\u00f3picas. 14187: Detecci\u00f3n de Intrusiones en Redes Industriales. Evaluaci\u00f3n Experimental de Algoritmos de Aprendizaje de M\u00e1quina. 14232: Entorno de Simulaci\u00f3n basado en DEVS para Agentes de Aprendizaje por Refuerzo aplicado a la Generaci\u00f3n &hellip;<\/p>\n<p class=\"read-more\"> <a class=\"\" href=\"https:\/\/cacic2022.unlar.edu.ar\/?page_id=373\"> <span class=\"screen-reader-text\">papers aceptados<\/span> Leer m\u00e1s &raquo;<\/a><\/p>\n","protected":false},"author":1,"featured_media":0,"parent":0,"menu_order":0,"comment_status":"closed","ping_status":"closed","template":"","meta":{"site-sidebar-layout":"no-sidebar","site-content-layout":"page-builder","ast-global-header-display":"","ast-main-header-display":"","ast-hfb-above-header-display":"","ast-hfb-below-header-display":"","ast-hfb-mobile-header-display":"","site-post-title":"disabled","ast-breadcrumbs-content":"","ast-featured-img":"disabled","footer-sml-layout":"","theme-transparent-header-meta":"","adv-header-id-meta":"","stick-header-meta":"","header-above-stick-meta":"","header-main-stick-meta":"","header-below-stick-meta":""},"_links":{"self":[{"href":"https:\/\/cacic2022.unlar.edu.ar\/index.php?rest_route=\/wp\/v2\/pages\/373"}],"collection":[{"href":"https:\/\/cacic2022.unlar.edu.ar\/index.php?rest_route=\/wp\/v2\/pages"}],"about":[{"href":"https:\/\/cacic2022.unlar.edu.ar\/index.php?rest_route=\/wp\/v2\/types\/page"}],"author":[{"embeddable":true,"href":"https:\/\/cacic2022.unlar.edu.ar\/index.php?rest_route=\/wp\/v2\/users\/1"}],"replies":[{"embeddable":true,"href":"https:\/\/cacic2022.unlar.edu.ar\/index.php?rest_route=%2Fwp%2Fv2%2Fcomments&post=373"}],"version-history":[{"count":46,"href":"https:\/\/cacic2022.unlar.edu.ar\/index.php?rest_route=\/wp\/v2\/pages\/373\/revisions"}],"predecessor-version":[{"id":2446,"href":"https:\/\/cacic2022.unlar.edu.ar\/index.php?rest_route=\/wp\/v2\/pages\/373\/revisions\/2446"}],"wp:attachment":[{"href":"https:\/\/cacic2022.unlar.edu.ar\/index.php?rest_route=%2Fwp%2Fv2%2Fmedia&parent=373"}],"curies":[{"name":"wp","href":"https:\/\/api.w.org\/{rel}","templated":true}]}}