{"id":367,"date":"2022-05-09T01:27:18","date_gmt":"2022-05-09T04:27:18","guid":{"rendered":"https:\/\/cacic2022.unlar.edu.ar\/?page_id=367"},"modified":"2022-07-03T20:27:53","modified_gmt":"2022-07-03T23:27:53","slug":"llamar-por-papeles","status":"publish","type":"page","link":"https:\/\/cacic2022.unlar.edu.ar\/?page_id=367","title":{"rendered":"Call for papers"},"content":{"rendered":"\t\t<div data-elementor-type=\"wp-page\" data-elementor-id=\"367\" class=\"elementor elementor-367\">\n\t\t\t\t\t\t\t\t\t<section class=\"elementor-section elementor-top-section elementor-element elementor-element-289cd8b elementor-section-content-middle elementor-section-full_width elementor-section-height-default elementor-section-height-default\" data-id=\"289cd8b\" data-element_type=\"section\" data-settings=\"{&quot;background_background&quot;:&quot;slideshow&quot;,&quot;background_slideshow_gallery&quot;:[{&quot;id&quot;:972,&quot;url&quot;:&quot;https:\\\/\\\/cacic2022.unlar.edu.ar\\\/wp-content\\\/uploads\\\/2022\\\/06\\\/CALL-OF-PAPER4.png&quot;}],&quot;background_slideshow_loop&quot;:&quot;yes&quot;,&quot;background_slideshow_slide_duration&quot;:5000,&quot;background_slideshow_slide_transition&quot;:&quot;fade&quot;,&quot;background_slideshow_transition_duration&quot;:500}\">\n\t\t\t\t\t\t\t<div class=\"elementor-background-overlay\"><\/div>\n\t\t\t\t\t\t\t<div class=\"elementor-container elementor-column-gap-no\">\n\t\t\t\t\t<div class=\"elementor-column elementor-col-100 elementor-top-column elementor-element elementor-element-c4b3176\" data-id=\"c4b3176\" data-element_type=\"column\">\n\t\t\t<div class=\"elementor-widget-wrap elementor-element-populated\">\n\t\t\t\t\t\t\t\t<div class=\"elementor-element elementor-element-d2a3d87 elementor-view-default elementor-vertical-align-top elementor-widget elementor-widget-icon-box\" data-id=\"d2a3d87\" data-element_type=\"widget\" data-widget_type=\"icon-box.default\">\n\t\t\t\t<div class=\"elementor-widget-container\">\n\t\t\t<link rel=\"stylesheet\" href=\"https:\/\/cacic2022.unlar.edu.ar\/wp-content\/plugins\/elementor\/assets\/css\/widget-icon-box.min.css\">\t\t<div class=\"elementor-icon-box-wrapper\">\n\t\t\t\t\t\t<div class=\"elementor-icon-box-content\">\n\t\t\t\t<h4 class=\"elementor-icon-box-title\">\n\t\t\t\t\t<span  >\n\t\t\t\t\t\t\t\t\t\t\t<\/span>\n\t\t\t\t<\/h4>\n\t\t\t\t\t\t\t\t\t<p class=\"elementor-icon-box-description\">\n\t\t\t\t\t\tCall For Papers\t\t\t\t\t<\/p>\n\t\t\t\t\t\t\t<\/div>\n\t\t<\/div>\n\t\t\t\t<\/div>\n\t\t\t\t<\/div>\n\t\t\t\t\t<\/div>\n\t\t<\/div>\n\t\t\t\t\t\t\t<\/div>\n\t\t<\/section>\n\t\t\t\t<section class=\"elementor-section elementor-top-section elementor-element elementor-element-70bd82c elementor-section-boxed elementor-section-height-default elementor-section-height-default\" data-id=\"70bd82c\" data-element_type=\"section\">\n\t\t\t\t\t\t<div class=\"elementor-container elementor-column-gap-default\">\n\t\t\t\t\t<div class=\"elementor-column elementor-col-100 elementor-top-column elementor-element elementor-element-81c4b44\" data-id=\"81c4b44\" data-element_type=\"column\">\n\t\t\t<div class=\"elementor-widget-wrap elementor-element-populated\">\n\t\t\t\t\t\t\t\t<div class=\"elementor-element elementor-element-a06ba38 elementor-widget elementor-widget-text-editor\" data-id=\"a06ba38\" data-element_type=\"widget\" data-widget_type=\"text-editor.default\">\n\t\t\t\t<div class=\"elementor-widget-container\">\n\t\t\t<style>\/*! elementor - v3.6.5 - 27-04-2022 *\/\n.elementor-widget-text-editor.elementor-drop-cap-view-stacked .elementor-drop-cap{background-color:#818a91;color:#fff}.elementor-widget-text-editor.elementor-drop-cap-view-framed .elementor-drop-cap{color:#818a91;border:3px solid;background-color:transparent}.elementor-widget-text-editor:not(.elementor-drop-cap-view-default) .elementor-drop-cap{margin-top:8px}.elementor-widget-text-editor:not(.elementor-drop-cap-view-default) .elementor-drop-cap-letter{width:1em;height:1em}.elementor-widget-text-editor .elementor-drop-cap{float:left;text-align:center;line-height:1;font-size:50px}.elementor-widget-text-editor .elementor-drop-cap-letter{display:inline-block}<\/style>\t\t\t\t<p style=\"font-size: 36px; text-align: center; color: #000 !important; margin: 0px 0px\"><a href=\"https:\/\/cacic2022.unlar.edu.ar\/wp-content\/uploads\/2022\/06\/CALL-FOR-PAPER2022.pdf\" target=\"_blank\" rel=\"noopener\">DOWNLOAD PDF<\/a><\/p>\t\t\t\t\t\t<\/div>\n\t\t\t\t<\/div>\n\t\t\t\t<div class=\"elementor-element elementor-element-9b2aaf5 elementor-widget elementor-widget-text-editor\" data-id=\"9b2aaf5\" data-element_type=\"widget\" data-widget_type=\"text-editor.default\">\n\t\t\t\t<div class=\"elementor-widget-container\">\n\t\t\t\t\t\t\t<p style=\"text-align: center; margin: 0px 0px;\"><strong>XXVIII CONGRESO ARGENTINO DE CIENCIAS DE LA COMPUTACI\u00d3N<\/strong><\/p>\n<p style=\"text-align: center; margin: 0px 0px;\"><strong>\u00a0<\/strong><strong>03 al 06 de octubre de 2022<\/strong><\/p>\n<p style=\"text-align: center; margin: 0px 0px;\"><strong>LA RIOJA \u2013 ARGENTINA<\/strong><\/p>\n<p style=\"text-align: center; margin-bottom: 1rem;\"><a href=\"https:\/\/cacic2022.unlar.edu.ar\/\"><strong>https:\/\/cacic2022.unlar.edu.ar\/<\/strong><\/a><\/p>\nEl Congreso Argentino de Ciencias de la Computaci\u00f3n (CACIC) es organizado por la Red de Universidades Nacionales con carreras en Inform\u00e1tica (RedUNCI). El CACIC re\u00fane desde 1995 a investigadores, docentes, profesionales y estudiantes de grado y postgrado vinculados con la disciplina Inform\u00e1tica.\n\nEl Congreso cubre diferentes \u00e1reas a trav\u00e9s de la organizaci\u00f3n de Workshops, coordinados por expertos en los temas del \u00e1rea. En estos Workshops se presentan trabajos cient\u00edficos evaluados por investigadores del pa\u00eds y del exterior.\n<p>\n<strong>ACTIVIDADES PREVISTAS<\/strong> <br>\nXXIII\u00a0\u00a0 Workshop Agentes y Sistemas Inteligentes <strong>(WASI)<\/strong><br>\nXXIII\u00a0\u00a0 Workshop Procesamiento Distribuido y Paralelo <strong>(WPDP)<\/strong><br>\nXXI\u00a0\u00a0\u00a0\u00a0 Workshop Tecnolog\u00eda Inform\u00e1tica Aplicada en Educaci\u00f3n <strong>(WTIAE)<\/strong><br>\nXX\u00a0\u00a0\u00a0\u00a0\u00a0 Workshop Computaci\u00f3n Gr\u00e1fica, Im\u00e1genes y Visualizaci\u00f3n <strong>(WCGIV)<\/strong><br>\nXIX\u00a0\u00a0\u00a0\u00a0 Workshop Bases de Datos y Miner\u00eda de Datos <strong>(WBDDM)<\/strong><br>\nXIX\u00a0\u00a0\u00a0\u00a0 Workshop Ingenier\u00eda de Software <strong>(WIS)<\/strong><br>\nXVII\u00a0\u00a0\u00a0 Workshop Arquitectura, Redes y Sistemas Operativos <strong>(WARSO)<\/strong><br>\nXV\u00a0\u00a0\u00a0\u00a0\u00a0 Workshop Innovaci\u00f3n en Sistemas de Software <strong>(WISS)<\/strong><br>\nXIII\u00a0\u00a0\u00a0\u00a0 Workshop Procesamiento de Se\u00f1ales y Sistemas de Tiempo Real<strong> (WPSTR)<\/strong><br>\nXI\u00a0\u00a0\u00a0\u00a0\u00a0\u00a0 Workshop Innovaci\u00f3n en Educaci\u00f3n en Inform\u00e1tica <strong>(WIEI)<\/strong><br>\nXI\u00a0\u00a0\u00a0\u00a0\u00a0\u00a0 Workshop Seguridad Inform\u00e1tica <strong>(WSI)<\/strong><br>\nTrack \u00abV Gobierno Digital y Ciudades Inteligentes\u00bb<\/p>\n<strong>OTRAS ACTIVIDADES<\/strong>\n\nXXX\u00a0\u00a0 Ateneo de profesores universitarios de computaci\u00f3n\n\nXXVI\u00a0 Escuela Internacional de Inform\u00e1tica\n\nConferencias y Paneles relacionados con la disciplina, con la participaci\u00f3n de\n\nacad\u00e9micos y profesionales.\n\n<strong>ACTAS<\/strong>\n\nTodos los art\u00edculos aceptados se publicar\u00e1n en las actas del congreso con ISBN incluido y ser\u00e1n incluidos en el repositorio SEDICI de la Universidad Nacional de La Plata.\n\n<strong>\u00a0<\/strong><strong>MEJORES TRABAJOS<\/strong>\n\n<strong>\u00a0<\/strong>Los mejores trabajos ser\u00e1n seleccionados y se invitar\u00e1 a sus autores a enviar una versi\u00f3n extendida, la cual ser\u00e1 revisada para su posterior publicaci\u00f3n en la serie Springer CCIS, Communications in Computer and Information Science. CCIS se encuentra indexada en Scopus, DBLP, Google Scholar, EI-Compendex, Mathematical Reviews y SCImago. Los vol\u00famenes de CCIS son tambi\u00e9n enviados para su inclusi\u00f3n en ISI Proceedings. Estos art\u00edculos deber\u00e1n estar escritos en idioma ingl\u00e9s\n\n<img loading=\"lazy\" class=\"size-full wp-image-1038 aligncenter\" src=\"https:\/\/cacic2022.unlar.edu.ar\/wp-content\/uploads\/2022\/06\/Captura.png\" alt=\"\" width=\"180\" height=\"200\" \/>\n\n<strong>OTROS TRABAJOS RELEVANTES<\/strong>\n\n<strong>\u00a0<\/strong>Los autores de otros trabajos relevantes ser\u00e1n invitados a enviar una versi\u00f3n apropiadamente extendida y revisada a las revistas Journal of Computer Science and Technology, JCS&amp;T y Revista Iberoamericana de Tecnolog\u00eda en Educaci\u00f3n y Educaci\u00f3n en Tecnolog\u00eda, TE&amp;E. JCS&amp;T est\u00e1 indexada en Latindex, DOAJ, Google Scholar, REDIB, entre otros; mientras que TE&amp;ET est\u00e1 indexada en Latindex, Nucleob\u00e1sico, Scielo, DOAJ, Google Scholar, REDIB, entre otros.\n\n<img loading=\"lazy\" class=\"size-medium wp-image-1039 aligncenter\" src=\"https:\/\/cacic2022.unlar.edu.ar\/wp-content\/uploads\/2022\/06\/Captura2.png\" alt=\"\" width=\"250\" height=\"186\" \/>\n<p style=\"margin: 0px;\"><strong>FECHAS IMPORTANTES <\/strong><\/p>\n\n<table style=\"border: none;\">\n<tbody>\n<tr>\n<td style=\"border: none;\">L\u00edmite para la presentaci\u00f3n de trabajos:<\/td>\n<td style=\"border: none;\"><strong><del> 04\/07\/2022<\/del> EXTENDIDO al d\u00eda 02\/08\/2022 inclusive<\/strong><\/td>\n<\/tr>\n<tr>\n<td style=\"border: none;\">Notificaci\u00f3n a los autores de aceptaci\u00f3n o rechazo:<\/td>\n<td style=\"border: none;\"><strong>02\/09\/2022<\/strong><\/td>\n<\/tr>\n<tr>\n<td style=\"border: none;\">L\u00edmite para la inscripci\u00f3n de\u00a0 estudiantes\u00a0 a la escuela:<\/td>\n<td style=\"border: none;\"><strong>12\/08\/2022<\/strong><\/td>\n<\/tr>\n<tr>\n<td style=\"border: none;\">Notificaci\u00f3n a los estudiantes de la escuela:<\/td>\n<td style=\"border: none;\"><strong>19\/09\/2022<\/strong><\/td>\n<\/tr>\n<\/tbody>\n<\/table>\n<p style=\"margin: 0px; margin-top: 1rem;\"><strong>INSTRUCCIONES PARA LOS AUTORES <\/strong><\/p>\nLos trabajos pueden enviarse en castellano, ingl\u00e9s o portugu\u00e9s siguiendo las normas especificadas en: https:\/\/cacic2022.unlar.edu.ar\/\n<p style=\"margin: 0px; margin-top: 1rem;\"><strong>CONTACTOS<\/strong><\/p>\n<a href=\"mailto:cacic2022@unlar.edu.ar\">cacic2022@unlar.edu.ar<\/a>\n\n<a href=\"mailto:becascacic2022@unlar.edu.ar\">becascacic2022@unlar.edu.ar<\/a>\t\t\t\t\t\t<\/div>\n\t\t\t\t<\/div>\n\t\t\t\t\t<\/div>\n\t\t<\/div>\n\t\t\t\t\t\t\t<\/div>\n\t\t<\/section>\n\t\t\t\t\t\t\t<\/div>\n\t\t","protected":false},"excerpt":{"rendered":"<p>Call For Papers DOWNLOAD PDF XXVIII CONGRESO ARGENTINO DE CIENCIAS DE LA COMPUTACI\u00d3N \u00a003 al 06 de octubre de 2022 LA RIOJA \u2013 ARGENTINA https:\/\/cacic2022.unlar.edu.ar\/ El Congreso Argentino de Ciencias de la Computaci\u00f3n (CACIC) es organizado por la Red de Universidades Nacionales con carreras en Inform\u00e1tica (RedUNCI). El CACIC re\u00fane desde 1995 a investigadores, docentes, &hellip;<\/p>\n<p class=\"read-more\"> <a class=\"\" href=\"https:\/\/cacic2022.unlar.edu.ar\/?page_id=367\"> <span class=\"screen-reader-text\">Call for papers<\/span> Leer m\u00e1s &raquo;<\/a><\/p>\n","protected":false},"author":1,"featured_media":0,"parent":0,"menu_order":0,"comment_status":"closed","ping_status":"closed","template":"","meta":{"site-sidebar-layout":"no-sidebar","site-content-layout":"page-builder","ast-global-header-display":"","ast-main-header-display":"","ast-hfb-above-header-display":"","ast-hfb-below-header-display":"","ast-hfb-mobile-header-display":"","site-post-title":"disabled","ast-breadcrumbs-content":"","ast-featured-img":"disabled","footer-sml-layout":"","theme-transparent-header-meta":"","adv-header-id-meta":"","stick-header-meta":"","header-above-stick-meta":"","header-main-stick-meta":"","header-below-stick-meta":""},"_links":{"self":[{"href":"https:\/\/cacic2022.unlar.edu.ar\/index.php?rest_route=\/wp\/v2\/pages\/367"}],"collection":[{"href":"https:\/\/cacic2022.unlar.edu.ar\/index.php?rest_route=\/wp\/v2\/pages"}],"about":[{"href":"https:\/\/cacic2022.unlar.edu.ar\/index.php?rest_route=\/wp\/v2\/types\/page"}],"author":[{"embeddable":true,"href":"https:\/\/cacic2022.unlar.edu.ar\/index.php?rest_route=\/wp\/v2\/users\/1"}],"replies":[{"embeddable":true,"href":"https:\/\/cacic2022.unlar.edu.ar\/index.php?rest_route=%2Fwp%2Fv2%2Fcomments&post=367"}],"version-history":[{"count":45,"href":"https:\/\/cacic2022.unlar.edu.ar\/index.php?rest_route=\/wp\/v2\/pages\/367\/revisions"}],"predecessor-version":[{"id":1263,"href":"https:\/\/cacic2022.unlar.edu.ar\/index.php?rest_route=\/wp\/v2\/pages\/367\/revisions\/1263"}],"wp:attachment":[{"href":"https:\/\/cacic2022.unlar.edu.ar\/index.php?rest_route=%2Fwp%2Fv2%2Fmedia&parent=367"}],"curies":[{"name":"wp","href":"https:\/\/api.w.org\/{rel}","templated":true}]}}