{"id":31,"date":"2020-04-13T11:18:52","date_gmt":"2020-04-13T11:18:52","guid":{"rendered":"https:\/\/cacic2022.unlar.edu.ar\/index.php\/about\/"},"modified":"2022-08-26T20:10:01","modified_gmt":"2022-08-26T23:10:01","slug":"autoridades","status":"publish","type":"page","link":"https:\/\/cacic2022.unlar.edu.ar\/?page_id=31","title":{"rendered":"Autoridades"},"content":{"rendered":"\t\t<div data-elementor-type=\"wp-page\" data-elementor-id=\"31\" class=\"elementor elementor-31\">\n\t\t\t\t\t\t\t\t\t<section class=\"elementor-section elementor-top-section elementor-element elementor-element-d054aa6 elementor-section-content-middle elementor-section-full_width elementor-section-height-default elementor-section-height-default\" data-id=\"d054aa6\" data-element_type=\"section\" data-settings=\"{&quot;background_background&quot;:&quot;slideshow&quot;,&quot;background_slideshow_gallery&quot;:[{&quot;id&quot;:972,&quot;url&quot;:&quot;https:\\\/\\\/cacic2022.unlar.edu.ar\\\/wp-content\\\/uploads\\\/2022\\\/06\\\/CALL-OF-PAPER4.png&quot;}],&quot;background_slideshow_loop&quot;:&quot;yes&quot;,&quot;background_slideshow_slide_duration&quot;:5000,&quot;background_slideshow_slide_transition&quot;:&quot;fade&quot;,&quot;background_slideshow_transition_duration&quot;:500}\">\n\t\t\t\t\t\t\t<div class=\"elementor-background-overlay\"><\/div>\n\t\t\t\t\t\t\t<div class=\"elementor-container elementor-column-gap-no\">\n\t\t\t\t\t<div class=\"elementor-column elementor-col-100 elementor-top-column elementor-element elementor-element-2da4a47\" data-id=\"2da4a47\" data-element_type=\"column\">\n\t\t\t<div class=\"elementor-widget-wrap elementor-element-populated\">\n\t\t\t\t\t\t\t\t<div class=\"elementor-element elementor-element-e7a4c03 elementor-view-default elementor-vertical-align-top elementor-widget elementor-widget-icon-box\" data-id=\"e7a4c03\" data-element_type=\"widget\" data-widget_type=\"icon-box.default\">\n\t\t\t\t<div class=\"elementor-widget-container\">\n\t\t\t<link rel=\"stylesheet\" href=\"https:\/\/cacic2022.unlar.edu.ar\/wp-content\/plugins\/elementor\/assets\/css\/widget-icon-box.min.css\">\t\t<div class=\"elementor-icon-box-wrapper\">\n\t\t\t\t\t\t<div class=\"elementor-icon-box-content\">\n\t\t\t\t<h4 class=\"elementor-icon-box-title\">\n\t\t\t\t\t<span  >\n\t\t\t\t\t\t\t\t\t\t\t<\/span>\n\t\t\t\t<\/h4>\n\t\t\t\t\t\t\t\t\t<p class=\"elementor-icon-box-description\">\n\t\t\t\t\t\tAutoridades\t\t\t\t\t<\/p>\n\t\t\t\t\t\t\t<\/div>\n\t\t<\/div>\n\t\t\t\t<\/div>\n\t\t\t\t<\/div>\n\t\t\t\t<div class=\"elementor-element elementor-element-e9b63c2 elementor-widget elementor-widget-text-editor\" data-id=\"e9b63c2\" data-element_type=\"widget\" data-widget_type=\"text-editor.default\">\n\t\t\t\t<div class=\"elementor-widget-container\">\n\t\t\t<style>\/*! elementor - v3.6.5 - 27-04-2022 *\/\n.elementor-widget-text-editor.elementor-drop-cap-view-stacked .elementor-drop-cap{background-color:#818a91;color:#fff}.elementor-widget-text-editor.elementor-drop-cap-view-framed .elementor-drop-cap{color:#818a91;border:3px solid;background-color:transparent}.elementor-widget-text-editor:not(.elementor-drop-cap-view-default) .elementor-drop-cap{margin-top:8px}.elementor-widget-text-editor:not(.elementor-drop-cap-view-default) .elementor-drop-cap-letter{width:1em;height:1em}.elementor-widget-text-editor .elementor-drop-cap{float:left;text-align:center;line-height:1;font-size:50px}.elementor-widget-text-editor .elementor-drop-cap-letter{display:inline-block}<\/style>\t\t\t\t<p><strong>Autoridades que colaboran con la RedUNCI y con el Congreso Argentino de Ciencias de la Computaci\u00f3n.<\/strong><\/p>\t\t\t\t\t\t<\/div>\n\t\t\t\t<\/div>\n\t\t\t\t\t<\/div>\n\t\t<\/div>\n\t\t\t\t\t\t\t<\/div>\n\t\t<\/section>\n\t\t\t\t<section class=\"elementor-section elementor-top-section elementor-element elementor-element-a4dabf5 elementor-section-boxed elementor-section-height-default elementor-section-height-default\" data-id=\"a4dabf5\" data-element_type=\"section\">\n\t\t\t\t\t\t<div class=\"elementor-container elementor-column-gap-default\">\n\t\t\t\t\t<div class=\"elementor-column elementor-col-50 elementor-top-column elementor-element elementor-element-f6d41df\" data-id=\"f6d41df\" data-element_type=\"column\">\n\t\t\t<div class=\"elementor-widget-wrap elementor-element-populated\">\n\t\t\t\t\t\t\t\t<div class=\"elementor-element elementor-element-027a92d elementor-widget elementor-widget-heading\" data-id=\"027a92d\" data-element_type=\"widget\" data-widget_type=\"heading.default\">\n\t\t\t\t<div class=\"elementor-widget-container\">\n\t\t\t<style>\/*! elementor - v3.6.5 - 27-04-2022 *\/\n.elementor-heading-title{padding:0;margin:0;line-height:1}.elementor-widget-heading .elementor-heading-title[class*=elementor-size-]>a{color:inherit;font-size:inherit;line-height:inherit}.elementor-widget-heading .elementor-heading-title.elementor-size-small{font-size:15px}.elementor-widget-heading .elementor-heading-title.elementor-size-medium{font-size:19px}.elementor-widget-heading .elementor-heading-title.elementor-size-large{font-size:29px}.elementor-widget-heading .elementor-heading-title.elementor-size-xl{font-size:39px}.elementor-widget-heading .elementor-heading-title.elementor-size-xxl{font-size:59px}<\/style><h5 class=\"elementor-heading-title elementor-size-default\">AUTORIDADES DE LA UNLaR<\/h5>\t\t<\/div>\n\t\t\t\t<\/div>\n\t\t\t\t<div class=\"elementor-element elementor-element-e30f39a elementor-widget elementor-widget-text-editor\" data-id=\"e30f39a\" data-element_type=\"widget\" data-widget_type=\"text-editor.default\">\n\t\t\t\t<div class=\"elementor-widget-container\">\n\t\t\t\t\t\t\t<ul><li>Rector \u2013 Prof. Dr. Daniel Quiroga<\/li><li>Vicerrectora \u2013 Prof. Cr. Mar\u00eda Corzo<\/li><li>Secretaria de Ciencia y T\u00e9cnica\u00a0 \u2013 Prof. Farm. Sandra Blanes<\/li><li>Decano DACEFyN \u2013 Prof. Esp. Miguel Molina<\/li><li>Secretaria Acad\u00e9mica DACEFyN: Prof. Lic. M\u00f3nica Gimenez<\/li><li>Secretaria Administrativa DACEFyN: Roxana Tapia<\/li><li>Secretaria de Autoevaluaci\u00f3n: Prof. Ing. Claudia Santander<\/li><li>Sub-secretar\u00eda de Ciencia, T\u00e9cnica y Extensi\u00f3n DACEFyN \u2013 Prof. Lic. Sandra Rodr\u00edguez<\/li><li>Regente de Postgrado: Prof. Lic. Claudia Romero<\/li><li>Director de Carrera de Ing. en Sistemas de Informaci\u00f3n \u2013 Prof. PhD. Eduardo Escobar<\/li><li>Coordinadora de Carrera de Lic. en Sistemas de Informaci\u00f3n \u2013 Prof. Ing. Cecilia Nu\u00f1ez<\/li><li>Directora Tecnicatura Universitaria en Inform\u00e1tica \u2013 Prof. Lic. Valeria Paez<\/li><li>Secretaria de Asuntos Estudiantiles DACEFyN: Srta. Sofia Cortez<\/li><\/ul>\t\t\t\t\t\t<\/div>\n\t\t\t\t<\/div>\n\t\t\t\t\t<\/div>\n\t\t<\/div>\n\t\t\t\t<div class=\"elementor-column elementor-col-50 elementor-top-column elementor-element elementor-element-00abcaa\" data-id=\"00abcaa\" data-element_type=\"column\">\n\t\t\t<div class=\"elementor-widget-wrap elementor-element-populated\">\n\t\t\t\t\t\t\t\t<div class=\"elementor-element elementor-element-2ceb9ae elementor-widget elementor-widget-heading\" data-id=\"2ceb9ae\" data-element_type=\"widget\" data-widget_type=\"heading.default\">\n\t\t\t\t<div class=\"elementor-widget-container\">\n\t\t\t<h5 class=\"elementor-heading-title elementor-size-default\">COMIT\u00c9 ORGANIZADOR\n<\/h5>\t\t<\/div>\n\t\t\t\t<\/div>\n\t\t\t\t<div class=\"elementor-element elementor-element-2a26151 elementor-widget elementor-widget-text-editor\" data-id=\"2a26151\" data-element_type=\"widget\" data-widget_type=\"text-editor.default\">\n\t\t\t\t<div class=\"elementor-widget-container\">\n\t\t\t\t\t\t\t<ul><li style=\"text-align: left;\">Miguel Angel Molina<\/li><li style=\"text-align: left;\">M\u00f3nica Gim\u00e9nez<\/li><li style=\"text-align: left;\">Mar\u00eda Rosa D\u00edaz<\/li><li style=\"text-align: left;\">Sandra Isabel Rodr\u00edguez<\/li><li style=\"text-align: left;\">Natalia Alvarez G\u00f3mez<\/li><li style=\"text-align: left;\">Isa\u00edas D\u00edaz<\/li><li style=\"text-align: left;\">Dalila Varas<\/li><li style=\"text-align: left;\">Andrea Ag\u00fcero<\/li><li style=\"text-align: left;\">Andrea Caba\u00f1as<\/li><li style=\"text-align: left;\">Claudia In\u00e9s Romero<\/li><li style=\"text-align: left;\">Eduardo Escobar<\/li><li style=\"text-align: left;\">Cristina Gramajo<\/li><li style=\"text-align: left;\">Valeria Paez<\/li><li style=\"text-align: left;\">Adriana Moreno<\/li><li style=\"text-align: left;\">Gabriela Oviedo<\/li><li style=\"text-align: left;\">Andr\u00e9s Tejerina<\/li><li style=\"text-align: left;\">Juan Pablo Millicay<\/li><li style=\"text-align: left;\">Alberto Leguiza<\/li><li style=\"text-align: left;\">Debora Reus<\/li><li style=\"text-align: left;\">Sof\u00eda Cortez<\/li><li style=\"text-align: left;\">Axel Valor<\/li><li style=\"text-align: left;\">Cecilia Nu\u00f1ez<\/li><li style=\"text-align: left;\">Maricel Almada<\/li><li style=\"text-align: left;\">Alejandro Ag\u00fcero<\/li><li style=\"text-align: left;\">Adrian Saenz<\/li><\/ul>\t\t\t\t\t\t<\/div>\n\t\t\t\t<\/div>\n\t\t\t\t\t<\/div>\n\t\t<\/div>\n\t\t\t\t\t\t\t<\/div>\n\t\t<\/section>\n\t\t\t\t<section class=\"elementor-section elementor-top-section elementor-element elementor-element-cc9a2ce elementor-section-boxed elementor-section-height-default elementor-section-height-default\" data-id=\"cc9a2ce\" data-element_type=\"section\">\n\t\t\t\t\t\t<div class=\"elementor-container elementor-column-gap-default\">\n\t\t\t\t\t<div class=\"elementor-column elementor-col-50 elementor-top-column elementor-element elementor-element-a91ee97\" data-id=\"a91ee97\" data-element_type=\"column\">\n\t\t\t<div class=\"elementor-widget-wrap elementor-element-populated\">\n\t\t\t\t\t\t\t\t<div class=\"elementor-element elementor-element-5b2d26b elementor-widget elementor-widget-heading\" data-id=\"5b2d26b\" data-element_type=\"widget\" data-widget_type=\"heading.default\">\n\t\t\t\t<div class=\"elementor-widget-container\">\n\t\t\t<h5 class=\"elementor-heading-title elementor-size-default\">COMIT\u00c9 ACAD\u00c9MICO<\/h5>\t\t<\/div>\n\t\t\t\t<\/div>\n\t\t\t\t<div class=\"elementor-element elementor-element-facc04f elementor-widget elementor-widget-text-editor\" data-id=\"facc04f\" data-element_type=\"widget\" data-widget_type=\"text-editor.default\">\n\t\t\t\t<div class=\"elementor-widget-container\">\n\t\t\t\t\t\t\t<ul><li>UBA \u2013 Cs. Exactas &#8211; Ceria, Santiago<\/li><li>UBA \u2013 Ingenier\u00eda &#8211; Echeverria, Adriana<\/li><li>UN La Plata &#8211; Pesado, Patricia<\/li><li>UN Sur &#8211; Rueda, Sonia<\/li><li>UN San Luis &#8211; Printista, Marcela<\/li><li>UN CPBA &#8211; Aciti, Claudio<\/li><li>UN Comahue &#8211; Grosso, Guillermo<\/li><li>UN La Matanza &#8211; Eterovic, Jorge<\/li><li>UN La Pampa &#8211; Alfonso, Hugo<\/li><li>UN Tierra del Fuego &#8211; Koremblit, Gabriel<\/li><li>UN Salta &#8211; Gil, Gustavo<\/li><li>UN Patagonia Austral &#8211; Lasso, Marta<\/li><li>UN SanJuan &#8211; Rodriguez, Nelson<\/li><li>UADER &#8211; Mengarelli, Jos\u00e9 Luis<\/li><li>UN Patagonia SJB &#8211;\u00a0 Buckle, Carlos<\/li><li>UN Entre R\u00edos &#8211; Tugnarelli, M\u00f3nica<\/li><li>UN Nordeste &#8211; Dapozo, Gladys<\/li><li>UN Rosario &#8211; Casali, Ana<\/li><li>UN Misiones &#8211; Caballero, Sergio<\/li><li>UN NOBA &#8211; Russo, Claudia<\/li><li>UN Chilecito &#8211; Carmona, Fernanda<\/li><li>UN Lan\u00fas &#8211; Azcurra, Diego<\/li><li>UN Santiago del Estero &#8211; Figueroa, Liliana<\/li><li>Esc. Sup. Ej\u00e9rcito &#8211; Arroyo Arzubi, Alejandro<\/li><li>UN Litoral &#8211; Loyarte, Horacio<\/li><li>UN Rio IV &#8211; Arroyo, Marcelo<\/li><li>UN C\u00f3rdoba &#8211; Fridlender, Daniel<\/li><li>UN Jujuy &#8211; Herrera Cognetta, Anal\u00eda<\/li><li>UN Rio Negro &#8211; Vivas, Luis<\/li><li>UN Villa Mar\u00eda &#8211; Prato, Laura<\/li><li>UN Lujan &#8211; Fernandez, Juan Manuel<\/li><li>UN Catamarca &#8211; Poliche Maria Valeria<\/li><li>UN La Rioja &#8211; Molina, Miguel<\/li><li>UN Tres de Febrero &#8211; Oliveros, Alejandro<\/li><li>UN Tucum\u00e1n &#8211; Luccioni, Griselda Mar\u00eda<\/li><li>UNAJ &#8211; Morales, Mart\u00edn<\/li><li>UN Chaco Austral &#8211; Zachman Patricia<\/li><li>UN del Oeste &#8211; Foti, Antonio<\/li><li>UN de Cuyo &#8211; Garc\u00eda Garino, Carlos<\/li><li>UN de Mardel Plata-\u00a0 R\u00edos, Carlos<\/li><li>UN de Quilmes\u00a0<\/li><li>UN Hurlingham &#8211; Puricelli, Fernando<\/li><li>UN SAdA &#8211; Ram\u00f3n, Hugo<\/li><li>UN SAM &#8211; Estayno, Marcelo<\/li><li>U Mor\u00f3n &#8211; Chapperon, Gabriela<\/li><li>UAI &#8211; De Vincenzi, Marcelo<\/li><li>U Belgrano &#8211; Guerci, Alberto<\/li><li>Ukennedy Panizzi, Marisa<\/li><li>U Adventista del Plata &#8211; Bournissen Juan<\/li><li>UCAECE &#8211; Malbernat, Luc\u00eda<\/li><li>UP alermo &#8211; Alvarez Adriana<\/li><li>UCA Rosario &#8211; Grieco, Sebasti\u00e1n<\/li><li>U Salvador &#8211; Zanitti, Marcelo<\/li><li>U Aconcagua &#8211; Gim\u00e9nez, Rosa<\/li><li>U Gast\u00f3n Dachary &#8211; Ruid\u00edas, Hector Javier<\/li><li>UADE &#8211; Feij\u00f3, Daniel<\/li><li>UCEMA Guglianone, Ariadna<\/li><li>U Austral &#8211; Cosentino, Juan Pablo<\/li><li>U Atl\u00e1ntida Argentina &#8211; Rathmann, Liliana<\/li><li>U CA La Plata &#8211; Bertone, Rodolfo<\/li><li>ITBA &#8211; Bolo, Mario<\/li><li>U Champagnat &#8211;\u00a0 Brachetta Mariana<\/li><\/ul>\t\t\t\t\t\t<\/div>\n\t\t\t\t<\/div>\n\t\t\t\t\t<\/div>\n\t\t<\/div>\n\t\t\t\t<div class=\"elementor-column elementor-col-50 elementor-top-column elementor-element elementor-element-07f53cc\" data-id=\"07f53cc\" data-element_type=\"column\">\n\t\t\t<div class=\"elementor-widget-wrap elementor-element-populated\">\n\t\t\t\t\t\t\t\t<div class=\"elementor-element elementor-element-fe705f4 elementor-widget elementor-widget-heading\" data-id=\"fe705f4\" data-element_type=\"widget\" data-widget_type=\"heading.default\">\n\t\t\t\t<div class=\"elementor-widget-container\">\n\t\t\t<h5 class=\"elementor-heading-title elementor-size-default\"><span style=\"color: var(--ast-global-color-2); font-size: 1.25rem;\">COMIT\u00c9 CIENT\u00cdFICO<\/span><\/h5>\t\t<\/div>\n\t\t\t\t<\/div>\n\t\t\t\t<div class=\"elementor-element elementor-element-087b5d0 elementor-widget elementor-widget-text-editor\" data-id=\"087b5d0\" data-element_type=\"widget\" data-widget_type=\"text-editor.default\">\n\t\t\t\t<div class=\"elementor-widget-container\">\n\t\t\t\t\t\t\t<ul><li>Ab\u00e1solo, Mar\u00eda Jos\u00e9 (Argentina)<\/li><li>Aciti, Claudio (Argentina)<\/li><li>Alfonso, Hugo (Argentina)<\/li><li>Ardenghi, Jorge (Argentina)<\/li><li>Arroyo, Marcelo (Argentina)<\/li><li>Astudillo Hern\u00e1n (Chile)<\/li><li>Baldasarri, Sandra (Espa\u00f1a)<\/li><li>Balladini, Javier (Argentina)<\/li><li>Barbosa, Luis (Portugal)<\/li><li>Bertone, Rodolfo (Argentina)<\/li><li>Br\u00eda, Oscar (Argentina)<\/li><li>Brisaboa, Nieves (Espa\u00f1a)<\/li><li>Buckle, Carlos (Argentina)<\/li><li>Ca\u00f1as, Alberto (EE.UU)<\/li><li>Chavez, Edgar (M\u00e9xico)<\/li><li>Coello Coello, Carlos (M\u00e9xico)<\/li><li>Dix, Juerguen (Alemania)<\/li><li>Doallo, Ram\u00f3n (Espa\u00f1a)<\/li><li>Docampo, Domingo (Espa\u00f1a)<\/li><li>Casali, Ana (Argentina)<\/li><li>Castro, Silvia (Argentina)<\/li><li>Cechich, Alejandra (Argentina)<\/li><li>Cuckierman, Uriel (Argentina)<\/li><li>De Giusti, Armando (Argentina)<\/li><li>De Giusti, Laura (Argentina)<\/li><li>De Vincenzi, Marcelo (Argentina)<\/li><li>Deco, Claudia (Argentina)<\/li><li>Depetris, Beatriz (Argentina)<\/li><li>Diaz, Javier (Argentina)<\/li><li>Dujmovic Jozo (USA)<\/li><li>Estayno, Marcelo (Argentina)<\/li><li>Estevez, Elsa (Argentina)<\/li><li>Eterovic, Jorge (Argentina)<\/li><li>Falappa, Marcelo (Argentina)<\/li><li>Fillottrani, Pablo (Argentina)<\/li><li>Finochietto, Jorge (Argentina)<\/li><li>Frati Emmanuel (Argentina)<\/li><li>Fridlender Daniel (Argentina)<\/li><li>Garc\u00eda Garino, Carlos (Argentina)<\/li><li>Garc\u00eda Villalba, Javier (Espa\u00f1a)<\/li><li>G\u00e9nero, Marcela (Espa\u00f1a)<\/li><li>Gomez, Sergio (Argentina)<\/li><li>Gr\u00f6ller, Eduard (Austria)<\/li><li>Guerrero, Roberto (Argentina)<\/li><li>Ierache, Jorge (Argentina)<\/li><li>Janowski, Tomasz (Naciones Unidas)<\/li><li>Kuna Horacio (Argentina)<\/li><li>Lanzarini, Laura (Argentina)<\/li><li>Leguizam\u00f3n, Guillermo (Argentina)<\/li><li>Lopez Gil, Fernando (Espa\u00f1a)<\/li><li>Loui, Ronald Prescott (EEUU)<\/li><li>Luque, Emilio (Espa\u00f1a)<\/li><li>Madoz, Cristina (Argentina)<\/li><li>Malberti, Alejandra (Argentina)<\/li><li>Manresa Yee, Cristina (Espa\u00f1a)<\/li><li>Mar\u00edn, Mauricio (Chile)<\/li><li>Mas Sans\u00f3, Ram\u00f3n (Espa\u00f1a)<\/li><li>Micolini, Orlando (Argentina)<\/li><li>Mon Alicia (Argentina)<\/li><li>Motz, Regina (Uruguay)<\/li><li>Naiouf, Marcelo (Argentina)<\/li><li>Navarro Mart\u00edn, Antonio (Espa\u00f1a)<\/li><li>Pardo, \u00c1lvaro (Uruguay)<\/li><li>Pasini, Ariel (Argentina)<\/li><li>Pesado, Patricia (Argentina)<\/li><li>Piattini, Mario (Espa\u00f1a)<\/li><li>Piccoli, Mar\u00eda Fabiana (Argentina)<\/li><li>Printista, Marcela (Argentina)<\/li><li>Puppo, Enrico (Italia)<\/li><li>Olivas Varela, Jos\u00e9 Angel (Espa\u00f1a)<\/li><li>Ram\u00f3n, Hugo (Argentina)<\/li><li>Rexachs, Dolores (Espa\u00f1a)<\/li><li>Reyes, Nora (Argentina)<\/li><li>Roig Vila, Rosabel (Espa\u00f1a)<\/li><li>Rossi, Gustavo (Argentina)<\/li><li>Rosso, Paolo (Espa\u00f1a)<\/li><li>Rueda, Sonia (Argentina)<\/li><li>Russo, Claudia (Argentina)<\/li><li>Salto, Carolina (Argentina)<\/li><li>Sanz, Cecilia (Argentina)<\/li><li>Simari, Guillermo (Argentina)<\/li><li>Steinmetz, Ralf (Alemania)<\/li><li>Suppi, Remo (Espa\u00f1a)<\/li><li>Tarouco, Liane (Brasil)<\/li><li>Tirado, Francisco (Espa\u00f1a)<\/li><li>Thomas, Pablo (Argentina)<\/li><li>V\u00e9nere, Marcelo (Argentina)<\/li><li>Velho, Luiz (Brasil)<\/li><li>Vendrell, Eduardo (Espa\u00f1a)<\/li><li>Villagarc\u00eda, Horacio (Argentina)<\/li><li>Zanarini, Dante (Argentina)<\/li><\/ul>\t\t\t\t\t\t<\/div>\n\t\t\t\t<\/div>\n\t\t\t\t\t<\/div>\n\t\t<\/div>\n\t\t\t\t\t\t\t<\/div>\n\t\t<\/section>\n\t\t\t\t<section class=\"elementor-section elementor-top-section elementor-element elementor-element-c5d4ac8 elementor-section-boxed elementor-section-height-default elementor-section-height-default\" data-id=\"c5d4ac8\" data-element_type=\"section\">\n\t\t\t\t\t\t<div class=\"elementor-container elementor-column-gap-default\">\n\t\t\t\t\t<div class=\"elementor-column elementor-col-50 elementor-top-column elementor-element elementor-element-fe587eb\" data-id=\"fe587eb\" data-element_type=\"column\">\n\t\t\t<div class=\"elementor-widget-wrap elementor-element-populated\">\n\t\t\t\t\t\t\t\t<div class=\"elementor-element elementor-element-7b55288 elementor-widget elementor-widget-heading\" data-id=\"7b55288\" data-element_type=\"widget\" data-widget_type=\"heading.default\">\n\t\t\t\t<div class=\"elementor-widget-container\">\n\t\t\t<h5 class=\"elementor-heading-title elementor-size-default\">AUTORIDADES REDUNCI<\/h5>\t\t<\/div>\n\t\t\t\t<\/div>\n\t\t\t\t<div class=\"elementor-element elementor-element-7ea278f elementor-widget elementor-widget-text-editor\" data-id=\"7ea278f\" data-element_type=\"widget\" data-widget_type=\"text-editor.default\">\n\t\t\t\t<div class=\"elementor-widget-container\">\n\t\t\t\t\t\t\t<p>COORDINADOR TITULAR: <\/p><p>Pesado Patricia (UNLP) 2020-2022 <br \/><br \/>COORDINADOR ALTERNO<br \/><br \/>Estayno Marcelo (UNLZ) 2020-2022 <br \/><br \/>JUNTA DIRECTIVA<br \/>Aciti Claudio (UNCPBA) 2021-2023<br \/>Lasso Marta (UNPA) 2021-2023<br \/>Panizzi Marisa (UK) 2021-2023<br \/>Printista Marcela (UNSL) 2020-2022<br \/>Tugnarelli M\u00f3nica (UNER) 2020-2022<br \/>Caballero Sergio (UNaM) 2020-2022<br \/>Arroyo Marcelo (UNRC) 2021-2022<br \/>Malbernat Lucia (CAECE) 2021-2022<br \/><br \/>MIEMBRO HONORARIO<br \/>De Giusti Armando (UNLP)<br \/><br \/>SECRETAR\u00cdAS<br \/>Secretar\u00eda Administrativa: Jorge Eterovic<br \/>Secretar\u00eda Acad\u00e9mica: Russo Claudia<br \/>Secretar\u00eda de Ciencia y T\u00e9cnica: Rodr\u00edguez Nelson<br \/>Secretar\u00eda de Asuntos\u00a0 Reglamentarios: De Vincenzi Marcelo<br \/>Secretar\u00eda de Vinculaci\u00f3n Tecnol\u00f3gica y Profesional: Gil Gustavo<br \/>Secretar\u00eda de Congresos, Publicaciones y Difusi\u00f3n: Thomas Pablo<\/p>\t\t\t\t\t\t<\/div>\n\t\t\t\t<\/div>\n\t\t\t\t\t<\/div>\n\t\t<\/div>\n\t\t\t\t<div class=\"elementor-column elementor-col-50 elementor-top-column elementor-element elementor-element-f1004ad\" data-id=\"f1004ad\" data-element_type=\"column\">\n\t\t\t<div class=\"elementor-widget-wrap\">\n\t\t\t\t\t\t\t\t\t<\/div>\n\t\t<\/div>\n\t\t\t\t\t\t\t<\/div>\n\t\t<\/section>\n\t\t\t\t\t\t\t<\/div>\n\t\t","protected":false},"excerpt":{"rendered":"<p>Autoridades Autoridades que colaboran con la RedUNCI y con el Congreso Argentino de Ciencias de la Computaci\u00f3n. AUTORIDADES DE LA UNLaR Rector \u2013 Prof. Dr. Daniel Quiroga Vicerrectora \u2013 Prof. Cr. Mar\u00eda Corzo Secretaria de Ciencia y T\u00e9cnica\u00a0 \u2013 Prof. Farm. Sandra Blanes Decano DACEFyN \u2013 Prof. Esp. Miguel Molina Secretaria Acad\u00e9mica DACEFyN: Prof. Lic. &hellip;<\/p>\n<p class=\"read-more\"> <a class=\"\" href=\"https:\/\/cacic2022.unlar.edu.ar\/?page_id=31\"> <span class=\"screen-reader-text\">Autoridades<\/span> Leer m\u00e1s &raquo;<\/a><\/p>\n","protected":false},"author":1,"featured_media":0,"parent":0,"menu_order":0,"comment_status":"closed","ping_status":"closed","template":"","meta":{"site-sidebar-layout":"no-sidebar","site-content-layout":"page-builder","ast-global-header-display":"","ast-main-header-display":"","ast-hfb-above-header-display":"","ast-hfb-below-header-display":"","ast-hfb-mobile-header-display":"","site-post-title":"disabled","ast-breadcrumbs-content":"","ast-featured-img":"","footer-sml-layout":"","theme-transparent-header-meta":"enabled","adv-header-id-meta":"","stick-header-meta":"","header-above-stick-meta":"","header-main-stick-meta":"","header-below-stick-meta":""},"_links":{"self":[{"href":"https:\/\/cacic2022.unlar.edu.ar\/index.php?rest_route=\/wp\/v2\/pages\/31"}],"collection":[{"href":"https:\/\/cacic2022.unlar.edu.ar\/index.php?rest_route=\/wp\/v2\/pages"}],"about":[{"href":"https:\/\/cacic2022.unlar.edu.ar\/index.php?rest_route=\/wp\/v2\/types\/page"}],"author":[{"embeddable":true,"href":"https:\/\/cacic2022.unlar.edu.ar\/index.php?rest_route=\/wp\/v2\/users\/1"}],"replies":[{"embeddable":true,"href":"https:\/\/cacic2022.unlar.edu.ar\/index.php?rest_route=%2Fwp%2Fv2%2Fcomments&post=31"}],"version-history":[{"count":89,"href":"https:\/\/cacic2022.unlar.edu.ar\/index.php?rest_route=\/wp\/v2\/pages\/31\/revisions"}],"predecessor-version":[{"id":1481,"href":"https:\/\/cacic2022.unlar.edu.ar\/index.php?rest_route=\/wp\/v2\/pages\/31\/revisions\/1481"}],"wp:attachment":[{"href":"https:\/\/cacic2022.unlar.edu.ar\/index.php?rest_route=%2Fwp%2Fv2%2Fmedia&parent=31"}],"curies":[{"name":"wp","href":"https:\/\/api.w.org\/{rel}","templated":true}]}}