{"id":1638,"date":"2022-09-11T03:09:14","date_gmt":"2022-09-11T06:09:14","guid":{"rendered":"https:\/\/cacic2022.unlar.edu.ar\/?page_id=1638"},"modified":"2022-09-21T01:30:13","modified_gmt":"2022-09-21T04:30:13","slug":"acceptedshort","status":"publish","type":"page","link":"https:\/\/cacic2022.unlar.edu.ar\/?page_id=1638","title":{"rendered":"short papers Aceptados"},"content":{"rendered":"\t\t<div data-elementor-type=\"wp-page\" data-elementor-id=\"1638\" class=\"elementor elementor-1638\">\n\t\t\t\t\t\t\t\t\t<section class=\"elementor-section elementor-top-section elementor-element elementor-element-289cd8b elementor-section-content-middle elementor-section-full_width elementor-section-height-default elementor-section-height-default\" data-id=\"289cd8b\" data-element_type=\"section\" data-settings=\"{&quot;background_background&quot;:&quot;slideshow&quot;,&quot;background_slideshow_gallery&quot;:[{&quot;id&quot;:972,&quot;url&quot;:&quot;https:\\\/\\\/cacic2022.unlar.edu.ar\\\/wp-content\\\/uploads\\\/2022\\\/06\\\/CALL-OF-PAPER4.png&quot;}],&quot;background_slideshow_loop&quot;:&quot;yes&quot;,&quot;background_slideshow_slide_duration&quot;:5000,&quot;background_slideshow_slide_transition&quot;:&quot;fade&quot;,&quot;background_slideshow_transition_duration&quot;:500}\">\n\t\t\t\t\t\t\t<div class=\"elementor-background-overlay\"><\/div>\n\t\t\t\t\t\t\t<div class=\"elementor-container elementor-column-gap-no\">\n\t\t\t\t\t<div class=\"elementor-column elementor-col-100 elementor-top-column elementor-element elementor-element-c4b3176\" data-id=\"c4b3176\" data-element_type=\"column\">\n\t\t\t<div class=\"elementor-widget-wrap elementor-element-populated\">\n\t\t\t\t\t\t\t\t<div class=\"elementor-element elementor-element-d2a3d87 elementor-view-default elementor-vertical-align-top elementor-widget elementor-widget-icon-box\" data-id=\"d2a3d87\" data-element_type=\"widget\" data-widget_type=\"icon-box.default\">\n\t\t\t\t<div class=\"elementor-widget-container\">\n\t\t\t<link rel=\"stylesheet\" href=\"https:\/\/cacic2022.unlar.edu.ar\/wp-content\/plugins\/elementor\/assets\/css\/widget-icon-box.min.css\">\t\t<div class=\"elementor-icon-box-wrapper\">\n\t\t\t\t\t\t<div class=\"elementor-icon-box-content\">\n\t\t\t\t<h4 class=\"elementor-icon-box-title\">\n\t\t\t\t\t<span  >\n\t\t\t\t\t\t\t\t\t\t\t<\/span>\n\t\t\t\t<\/h4>\n\t\t\t\t\t\t\t\t\t<p class=\"elementor-icon-box-description\">\n\t\t\t\t\t\tSHORT PAPERS ACEPTADOS\t\t\t\t\t<\/p>\n\t\t\t\t\t\t\t<\/div>\n\t\t<\/div>\n\t\t\t\t<\/div>\n\t\t\t\t<\/div>\n\t\t\t\t\t<\/div>\n\t\t<\/div>\n\t\t\t\t\t\t\t<\/div>\n\t\t<\/section>\n\t\t\t\t<section class=\"elementor-section elementor-top-section elementor-element elementor-element-70bd82c elementor-section-boxed elementor-section-height-default elementor-section-height-default\" data-id=\"70bd82c\" data-element_type=\"section\">\n\t\t\t\t\t\t<div class=\"elementor-container elementor-column-gap-default\">\n\t\t\t\t\t<div class=\"elementor-column elementor-col-100 elementor-top-column elementor-element elementor-element-81c4b44\" data-id=\"81c4b44\" data-element_type=\"column\">\n\t\t\t<div class=\"elementor-widget-wrap elementor-element-populated\">\n\t\t\t\t\t\t\t\t<div class=\"elementor-element elementor-element-9b2aaf5 elementor-widget elementor-widget-text-editor\" data-id=\"9b2aaf5\" data-element_type=\"widget\" data-widget_type=\"text-editor.default\">\n\t\t\t\t<div class=\"elementor-widget-container\">\n\t\t\t<style>\/*! elementor - v3.6.5 - 27-04-2022 *\/\n.elementor-widget-text-editor.elementor-drop-cap-view-stacked .elementor-drop-cap{background-color:#818a91;color:#fff}.elementor-widget-text-editor.elementor-drop-cap-view-framed .elementor-drop-cap{color:#818a91;border:3px solid;background-color:transparent}.elementor-widget-text-editor:not(.elementor-drop-cap-view-default) .elementor-drop-cap{margin-top:8px}.elementor-widget-text-editor:not(.elementor-drop-cap-view-default) .elementor-drop-cap-letter{width:1em;height:1em}.elementor-widget-text-editor .elementor-drop-cap{float:left;text-align:center;line-height:1;font-size:50px}.elementor-widget-text-editor .elementor-drop-cap-letter{display:inline-block}<\/style>\t\t\t\t<table>\n<tbody>\n<tr>\n<td width=\"283\">\n<p><span style=\"color: #0000ff;\"><strong>SHORT PAPER ALUMNOS ACEPTADOS<\/strong><\/span><\/p>\n<\/td>\n<td width=\"283\">\n<p><span style=\"color: #0000ff;\"><strong>SHORT PAPER ALUMNOS ACEPTADOS CON MODIFICACIONES<\/strong><\/span><\/p>\n<\/td>\n<\/tr>\n<tr>\n<td width=\"283\">\n<p>14259: Marco Metodol\u00f3gico para el Desarrollo de un Sistema de Reconocimiento Biom\u00e9trico Mediante T\u00e9cnicas de Machine Learning.<br>14293: Data Cleansing en entornos Big Data: Mapeo Sistem\u00e1tico de la Literatura.<\/p>\n<\/td>\n<td width=\"283\">\n<p>14268: Una experiencia de implementaci\u00f3n de infraestructura inform\u00e1tica: recorriendo el camino desde lo acad\u00e9mico hasta la instalaci\u00f3n y puesta en funcionamiento.<\/p>\n<\/td>\n<\/tr>\n<tr>\n<td width=\"283\">\n<p>14264: Optimizaci\u00f3n del c\u00f3digo y las dependencias de las funciones Serverless para mejorar el rendimiento de las aplicaciones.<br>14298: An\u00e1lisis de desempe\u00f1o de Serverless para problemas HPC.<\/p>\n<\/td>\n<td width=\"283\">\n<p>14261: Metodolog\u00edas innovadoras en el desarrollo y la evaluaci\u00f3n de competencias digitales de docentes y estudiantes universitarios.<br>14301: Estrategias Did\u00e1cticas para el Aprendizaje y la Ense\u00f1anza del Pensamiento Computacional en el Nivel Acad\u00e9mico Universitario.<\/p>\n<\/td>\n<\/tr>\n<tr>\n<td width=\"283\">\n<p>14279: Teor\u00eda de Grafos para la Identificaci\u00f3n de Nodos Maliciosos en la Red.<\/p>\n<\/td>\n<td width=\"283\">&nbsp;14177: DomoHome: Un sistema dom\u00f3tico inteligente.<br>14256: Buenas pr\u00e1cticas para la Seguridad Inform\u00e1tica en PyMES.<br>14258: Aplicaciones M\u00f3viles y Salud. Posibilidades para la Promoci\u00f3n de la Higiene Postural.<br><\/td>\n<\/tr>\n<tr>\n<td width=\"283\">\n<p>14276: Propuesta e implementaci\u00f3n de un sistema basado en servicios de proximidad con BLE Beacons<\/p>\n<\/td>\n<td width=\"283\">&nbsp;14260: StopFire: Alertas de Incendios Forestales en Argentina Usando IoT y Machine Learning.<br>14265: Comparaci\u00f3n de Herramientas de Accesibilidad Web: AXE-CORE, PA11Y y LIGHTHOUSE.<br>14275: Propuesta de sistema de registro y generaci\u00f3n de pulseras de identificaci\u00f3n de pacientes.<br><\/td>\n<\/tr>\n<tr>\n<td width=\"283\">\n<p>14250: Alfabetizaci\u00f3n digital con impacto en la lectoescritura.<br>14254: An\u00e1lisis de Impacto e Implementaci\u00f3n de la Retroalimentaci\u00f3n en la Plataforma H.E.R.A., Herramienta de Desarrollo y Administraci\u00f3n de Material Pedag\u00f3gico Multimedial.<br>14262: Dise\u00f1o de una herramienta para la creaci\u00f3n de actividades educativas basadas en Realidad Aumentada.<\/p>\n<\/td>\n<td width=\"283\">&nbsp;14280: Construcci\u00f3n de un grafo de conocimiento para un observatorio inmobiliario.<br>14281: AlfaDatizando: Visualizaci\u00f3n de contenido generado por usuarios de redes sociales.<br>14284: Eficiencia energ\u00e9tica en el hogar, una propuesta tecnol\u00f3gica basada en simulaci\u00f3n.<br>14286: Identificaci\u00f3n de Personas en Sistemas de Videovigilancia sin uso de Reconocimiento Facial.<br>14287: Predicci\u00f3n de la Respuesta en un Sistema de B\u00fasqueda de Respuesta Sem\u00e1ntico.<br><\/td>\n<\/tr>\n<tr>\n<td width=\"283\">\n<p>14253: Dise\u00f1o de un componente de comunicaci\u00f3n para app m\u00f3viles.<br>14255: Colaboraci\u00f3n ADS-B en la Predicci\u00f3n SSR.<br>14263: Procesamiento de flujo de datos. Un caso de estudio: An\u00e1lisis en tiempo real usando datos geolocalizados.<br>14269: Interfaz cerebro computadora (BCI): T\u00e9cnicas de Machine Learning aplicadas al an\u00e1lisis de actividad neurol\u00f3gica mediante un dispositivo de electroencefalograf\u00eda (EEG).<\/p>\n<\/td>\n<td width=\"283\">&nbsp;14288: Videojuegos: del Ocio a Herramientas de Ense\u00f1anza.<br>14289: Generaci\u00f3n de comentarios a partir de c\u00f3digo fuente utilizando Transformers.<br>14290: Modelo Predictivo de Fracaso Empresarial &#8211; Caso de Estudio Segmento Hotelero.<br>14294: Inteligencia artificial: herramienta diagn\u00f3stica para el c\u00e1ncer de mama.<br><br><br><\/td>\n<\/tr>\n<tr>\n<td width=\"283\">\n<p>14176: Strategies for agile software development based on technical and environmental complexity factors.<br>14271: Hacia la Recomendaci\u00f3n Autom\u00e1tica de patrones de dise\u00f1o ontol\u00f3gico. <br>14273: Evaluaci\u00f3n de la usabilidad de APIs web.<br>14302: Requisitos de Calidad de Software en Organizaciones Agiles.<\/p>\n<\/td>\n<td width=\"283\">&nbsp;<\/td>\n<\/tr>\n<tr>\n<td width=\"283\">\n<p>14282: Desarrollo de Feed Mashup con L\u00ednea de Productos de Software.<br>14285: Hacia un marco de desarrollo de sistemas de programaci\u00f3n de la producci\u00f3n que permita la integraci\u00f3n de chatbots.<\/p><p>14209: An\u00e1lisis Visual para Datos Abiertos Enlazados vinculados a las Ciencias del Mar<\/p><p>14251: Hacia el an\u00e1lisis de tesis de grado de carreras inform\u00e1ticas de la UM mediante miner\u00eda de textos.<\/p><p>14257: Automatizaci\u00f3n del Armado del Repertorio de Aperturas de Ajedrez.<\/p><p>14266: Realidad Virtual por alumnos y para alumnos de UTN FRBA.<\/p><p>14267: Implementaci\u00f3n en SHACL de reglas de verificaci\u00f3n de consistencia sem\u00e1ntica para gesti\u00f3n de requisitos.<\/p><p>14270: Detecci\u00f3n de somnolencia utilizando t\u00e9cnicas de visi\u00f3n artificial en entornos m\u00f3viles.<\/p><p>14272: AlfaDatizando: an\u00e1lisis de opciones para login unificado.<\/p><p>14274: Necesidades de Comunicaci\u00f3n Complejas: Desarrollando una Aplicaci\u00f3n SAAC M\u00f3vil para el Hospital Zonal de Caleta Olivia.<\/p><p>14277: Vinculaci\u00f3n de portales abiertos mediante API.<\/p><p>14278: An\u00e1lisis de plataformas de Computaci\u00f3n en la Nube para implementaci\u00f3n de protocolo de comunicaciones con una aplicaci\u00f3n m\u00f3vil 3D.<\/p><p>14292: Caracterizaci\u00f3n de Variables para el An\u00e1lisis del \u00cdndice de Vegetaci\u00f3n.<\/p><p>14297: Un Sistema para la Identificaci\u00f3n de Cad\u00e1veres NN en el Contexto de B\u00fasqueda de Personas Desaparecidas.<\/p><p>14300: Software de generaci\u00f3n de datos de prueba para sistemas ubicuos.<\/p><p>14303: UN MODELO DE CALIDAD PARA EL ANALISIS DE PROCESOS DE NEGOCIO DE UNA DISTRIBUIDORA DE PRODUCTOS ALIMENTICIOS.<\/p><p>14304: Integraci\u00f3n de una red de sensores con una plataforma IoT para control inteligente de aulas.<\/p><div><br><\/div>\n<\/td>\n<td width=\"283\">&nbsp;<\/td>\n<\/tr>\n<\/tbody>\n<\/table>\t\t\t\t\t\t<\/div>\n\t\t\t\t<\/div>\n\t\t\t\t<div class=\"elementor-element elementor-element-a06ba38 elementor-widget elementor-widget-text-editor\" data-id=\"a06ba38\" data-element_type=\"widget\" data-widget_type=\"text-editor.default\">\n\t\t\t\t<div class=\"elementor-widget-container\">\n\t\t\t\t\t\t\t\t\t\t\t\t\t<\/div>\n\t\t\t\t<\/div>\n\t\t\t\t\t<\/div>\n\t\t<\/div>\n\t\t\t\t\t\t\t<\/div>\n\t\t<\/section>\n\t\t\t\t\t\t\t<\/div>\n\t\t","protected":false},"excerpt":{"rendered":"<p>SHORT PAPERS ACEPTADOS SHORT PAPER ALUMNOS ACEPTADOS SHORT PAPER ALUMNOS ACEPTADOS CON MODIFICACIONES 14259: Marco Metodol\u00f3gico para el Desarrollo de un Sistema de Reconocimiento Biom\u00e9trico Mediante T\u00e9cnicas de Machine Learning.14293: Data Cleansing en entornos Big Data: Mapeo Sistem\u00e1tico de la Literatura. 14268: Una experiencia de implementaci\u00f3n de infraestructura inform\u00e1tica: recorriendo el camino desde lo acad\u00e9mico &hellip;<\/p>\n<p class=\"read-more\"> <a class=\"\" href=\"https:\/\/cacic2022.unlar.edu.ar\/?page_id=1638\"> <span class=\"screen-reader-text\">short papers Aceptados<\/span> Leer m\u00e1s &raquo;<\/a><\/p>\n","protected":false},"author":1,"featured_media":0,"parent":0,"menu_order":0,"comment_status":"closed","ping_status":"closed","template":"","meta":{"site-sidebar-layout":"no-sidebar","site-content-layout":"page-builder","ast-global-header-display":"","ast-main-header-display":"","ast-hfb-above-header-display":"","ast-hfb-below-header-display":"","ast-hfb-mobile-header-display":"","site-post-title":"disabled","ast-breadcrumbs-content":"","ast-featured-img":"disabled","footer-sml-layout":"","theme-transparent-header-meta":"default","adv-header-id-meta":"","stick-header-meta":"","header-above-stick-meta":"","header-main-stick-meta":"","header-below-stick-meta":""},"_links":{"self":[{"href":"https:\/\/cacic2022.unlar.edu.ar\/index.php?rest_route=\/wp\/v2\/pages\/1638"}],"collection":[{"href":"https:\/\/cacic2022.unlar.edu.ar\/index.php?rest_route=\/wp\/v2\/pages"}],"about":[{"href":"https:\/\/cacic2022.unlar.edu.ar\/index.php?rest_route=\/wp\/v2\/types\/page"}],"author":[{"embeddable":true,"href":"https:\/\/cacic2022.unlar.edu.ar\/index.php?rest_route=\/wp\/v2\/users\/1"}],"replies":[{"embeddable":true,"href":"https:\/\/cacic2022.unlar.edu.ar\/index.php?rest_route=%2Fwp%2Fv2%2Fcomments&post=1638"}],"version-history":[{"count":38,"href":"https:\/\/cacic2022.unlar.edu.ar\/index.php?rest_route=\/wp\/v2\/pages\/1638\/revisions"}],"predecessor-version":[{"id":1787,"href":"https:\/\/cacic2022.unlar.edu.ar\/index.php?rest_route=\/wp\/v2\/pages\/1638\/revisions\/1787"}],"wp:attachment":[{"href":"https:\/\/cacic2022.unlar.edu.ar\/index.php?rest_route=%2Fwp%2Fv2%2Fmedia&parent=1638"}],"curies":[{"name":"wp","href":"https:\/\/api.w.org\/{rel}","templated":true}]}}