{"id":1368,"date":"2022-07-17T16:44:17","date_gmt":"2022-07-17T19:44:17","guid":{"rendered":"https:\/\/cacic2022.unlar.edu.ar\/?page_id=1368"},"modified":"2022-07-28T22:33:16","modified_gmt":"2022-07-29T01:33:16","slug":"llamar-por-papeles-2","status":"publish","type":"page","link":"https:\/\/cacic2022.unlar.edu.ar\/?page_id=1368","title":{"rendered":"Call for short papers"},"content":{"rendered":"\t\t<div data-elementor-type=\"wp-page\" data-elementor-id=\"1368\" class=\"elementor elementor-1368\">\n\t\t\t\t\t\t\t\t\t<section class=\"elementor-section elementor-top-section elementor-element elementor-element-289cd8b elementor-section-content-middle elementor-section-full_width elementor-section-height-default elementor-section-height-default\" data-id=\"289cd8b\" data-element_type=\"section\" data-settings=\"{&quot;background_background&quot;:&quot;slideshow&quot;,&quot;background_slideshow_gallery&quot;:[{&quot;id&quot;:972,&quot;url&quot;:&quot;https:\\\/\\\/cacic2022.unlar.edu.ar\\\/wp-content\\\/uploads\\\/2022\\\/06\\\/CALL-OF-PAPER4.png&quot;}],&quot;background_slideshow_loop&quot;:&quot;yes&quot;,&quot;background_slideshow_slide_duration&quot;:5000,&quot;background_slideshow_slide_transition&quot;:&quot;fade&quot;,&quot;background_slideshow_transition_duration&quot;:500}\">\n\t\t\t\t\t\t\t<div class=\"elementor-background-overlay\"><\/div>\n\t\t\t\t\t\t\t<div class=\"elementor-container elementor-column-gap-no\">\n\t\t\t\t\t<div class=\"elementor-column elementor-col-100 elementor-top-column elementor-element elementor-element-c4b3176\" data-id=\"c4b3176\" data-element_type=\"column\">\n\t\t\t<div class=\"elementor-widget-wrap elementor-element-populated\">\n\t\t\t\t\t\t\t\t<div class=\"elementor-element elementor-element-d2a3d87 elementor-view-default elementor-vertical-align-top elementor-widget elementor-widget-icon-box\" data-id=\"d2a3d87\" data-element_type=\"widget\" data-widget_type=\"icon-box.default\">\n\t\t\t\t<div class=\"elementor-widget-container\">\n\t\t\t<link rel=\"stylesheet\" href=\"https:\/\/cacic2022.unlar.edu.ar\/wp-content\/plugins\/elementor\/assets\/css\/widget-icon-box.min.css\">\t\t<div class=\"elementor-icon-box-wrapper\">\n\t\t\t\t\t\t<div class=\"elementor-icon-box-content\">\n\t\t\t\t<h4 class=\"elementor-icon-box-title\">\n\t\t\t\t\t<span  >\n\t\t\t\t\t\t\t\t\t\t\t<\/span>\n\t\t\t\t<\/h4>\n\t\t\t\t\t\t\t\t\t<p class=\"elementor-icon-box-description\">\n\t\t\t\t\t\tArt\u00edculos breves (Short Papers)\t\t\t\t\t<\/p>\n\t\t\t\t\t\t\t<\/div>\n\t\t<\/div>\n\t\t\t\t<\/div>\n\t\t\t\t<\/div>\n\t\t\t\t\t<\/div>\n\t\t<\/div>\n\t\t\t\t\t\t\t<\/div>\n\t\t<\/section>\n\t\t\t\t<section class=\"elementor-section elementor-top-section elementor-element elementor-element-70bd82c elementor-section-boxed elementor-section-height-default elementor-section-height-default\" data-id=\"70bd82c\" data-element_type=\"section\">\n\t\t\t\t\t\t<div class=\"elementor-container elementor-column-gap-default\">\n\t\t\t\t\t<div class=\"elementor-column elementor-col-100 elementor-top-column elementor-element elementor-element-81c4b44\" data-id=\"81c4b44\" data-element_type=\"column\">\n\t\t\t<div class=\"elementor-widget-wrap elementor-element-populated\">\n\t\t\t\t\t\t\t\t<div class=\"elementor-element elementor-element-9b2aaf5 elementor-widget elementor-widget-text-editor\" data-id=\"9b2aaf5\" data-element_type=\"widget\" data-widget_type=\"text-editor.default\">\n\t\t\t\t<div class=\"elementor-widget-container\">\n\t\t\t<style>\/*! elementor - v3.6.5 - 27-04-2022 *\/\n.elementor-widget-text-editor.elementor-drop-cap-view-stacked .elementor-drop-cap{background-color:#818a91;color:#fff}.elementor-widget-text-editor.elementor-drop-cap-view-framed .elementor-drop-cap{color:#818a91;border:3px solid;background-color:transparent}.elementor-widget-text-editor:not(.elementor-drop-cap-view-default) .elementor-drop-cap{margin-top:8px}.elementor-widget-text-editor:not(.elementor-drop-cap-view-default) .elementor-drop-cap-letter{width:1em;height:1em}.elementor-widget-text-editor .elementor-drop-cap{float:left;text-align:center;line-height:1;font-size:50px}.elementor-widget-text-editor .elementor-drop-cap-letter{display:inline-block}<\/style>\t\t\t\t<strong>Short Papers &#8211; Alumnos <\/strong>\n<br>\nSe tratar\u00e1 de trabajos de alumnos avanzados en cuya autor\u00eda se incluya \u00e9l\/los docentes responsables de su direcci\u00f3n\/coordinaci\u00f3n.\n\nPueden corresponder a Tesinas de Grado en curso o completadas \/ Trabajos realizados en el marco de una PPS \/ Proyectos de Alumnos u otra actividad significativa que pueda evaluarse como paper y exponerse en una sesi\u00f3n especial (en forma presencial o virtual).\n\nLos Short Papers &#8211; Alumnos aceptados y expuestos ser\u00e1n publicados en los Proceedings de CACIC.\n\nLas exposiciones de los Short Papers &#8211; Alumnos elegidos se realizaran en una sesi\u00f3n especial.\n\nSe sugiere que las exposiciones de los mismos est\u00e9n a cargo de los alumnos que sean autores del trabajo, si bien el docente\/s que los dirigi\u00f3 podr\u00e1 participar de la sesi\u00f3n y dar respuesta a preguntas, etc.\n<br>\n<br>\n\n<strong>Contenido<\/strong>\n<br>\n\nEl texto debe incluir el t\u00edtulo del trabajo, datos del autor y director\/es &#8211; coordinador\/es del trabajo, datos de la Universidad donde se desarroll\u00f3, tipo de trabajo y una s\u00edntesis de su contenido especificando la motivaci\u00f3n\/contexto, el aporte del trabajo, las posibles l\u00edneas de investigaci\u00f3n futuras y la bibliograf\u00eda b\u00e1sica.\n<br>\n<br>\n\n<strong>Short papers &#8211; General<\/strong>\n<br>\n\nCACIC 2022 admitir\u00e1 trabajos cortos que correspondan a investigaciones en desarrollo o Tesis de Postgrado en curso, los cuales si bien no alcanzan la envergadura de un \u201cfull paper\u201d para el Congreso, puedan significar un aporte para el intercambio de ideas en el Congreso.\n\nLos Short Papers- General se presentar\u00e1n por track (en las mismas \u00e1reas de CACIC) para simplificar su evaluaci\u00f3n t\u00e9cnica y su distribuci\u00f3n por la organizaci\u00f3n.\n\nLos Short Papers &#8211; General\u00a0 aceptados y expuestos ser\u00e1n publicados en los Proceedings de CACIC.\n\nLas exposiciones de los Short Papers &#8211; General elegidos ser\u00e1n distribuidos en los Workshops relacionados a su tem\u00e1tica.\n\nContenido: El texto debe incluir el t\u00edtulo del trabajo\/tesis, datos del autor\/es y director\/es del trabajo\/tesis, datos de la Universidad donde se desarroll\u00f3, fecha de inicio y una s\u00edntesis de su contenido especificando la motivaci\u00f3n, el aporte del trabajo\/tesis a la disciplina, las posibles l\u00edneas de investigaci\u00f3n futuras y la bibliograf\u00eda b\u00e1sica.\n<br><br>\n\n\n<strong>ACTAS<\/strong>\n<br>\n\nTodos los art\u00edculos aceptados se publicar\u00e1n en las actas del congreso con ISBN incluido y ser\u00e1n incluidos en el repositorio SEDICI de la Universidad Nacional de La Plata. <br>\n<br>\n\n<p style=\"margin: 0px;\"><strong>FECHAS IMPORTANTES <\/strong><\/p>\n\n<table style=\"border: none;\">\n<tbody>\n<tr>\n<td style=\"border: none;\">L\u00edmite para la presentaci\u00f3n de trabajos:<\/td>\n<td style=\"border: none;\"><strong>23\/08\/2022<\/strong><\/td>\n<\/tr>\n<tr>\n<td style=\"border: none;\">Notificaci\u00f3n a los autores de aceptaci\u00f3n o rechazo:<\/td>\n<td style=\"border: none;\"><strong>19\/09\/2022<\/strong><\/td>\n<\/tr>\n<\/tbody>\n<\/table>\n<p style=\"margin: 0px; margin-top: 1rem;\"><strong>CONTACTOS<\/strong><\/p>\n<a href=\"mailto:cacic2022@unlar.edu.ar\">cacic2022@unlar.edu.ar<\/a>\t\t\t\t\t\t<\/div>\n\t\t\t\t<\/div>\n\t\t\t\t<div class=\"elementor-element elementor-element-a06ba38 elementor-widget elementor-widget-text-editor\" data-id=\"a06ba38\" data-element_type=\"widget\" data-widget_type=\"text-editor.default\">\n\t\t\t\t<div class=\"elementor-widget-container\">\n\t\t\t\t\t\t\t<p style=\"font-size: 26px; text-align: center; color: #000 !important; margin: 0px 0px;\"><a href=\"https:\/\/cacic2022.unlar.edu.ar\/wp-content\/uploads\/2022\/07\/CALL-SHORT-PAPER-1.pdf\" target=\"_blank\" rel=\"noopener\">PDF CALL FOR SHORT PAPER (DESCARGAR)<\/a><\/p>\t\t\t\t\t\t<\/div>\n\t\t\t\t<\/div>\n\t\t\t\t\t<\/div>\n\t\t<\/div>\n\t\t\t\t\t\t\t<\/div>\n\t\t<\/section>\n\t\t\t\t\t\t\t<\/div>\n\t\t","protected":false},"excerpt":{"rendered":"<p>Art\u00edculos breves (Short Papers) Short Papers &#8211; Alumnos Se tratar\u00e1 de trabajos de alumnos avanzados en cuya autor\u00eda se incluya \u00e9l\/los docentes responsables de su direcci\u00f3n\/coordinaci\u00f3n. Pueden corresponder a Tesinas de Grado en curso o completadas \/ Trabajos realizados en el marco de una PPS \/ Proyectos de Alumnos u otra actividad significativa que pueda &hellip;<\/p>\n<p class=\"read-more\"> <a class=\"\" href=\"https:\/\/cacic2022.unlar.edu.ar\/?page_id=1368\"> <span class=\"screen-reader-text\">Call for short papers<\/span> Leer m\u00e1s &raquo;<\/a><\/p>\n","protected":false},"author":1,"featured_media":0,"parent":0,"menu_order":0,"comment_status":"closed","ping_status":"closed","template":"","meta":{"site-sidebar-layout":"no-sidebar","site-content-layout":"page-builder","ast-global-header-display":"","ast-main-header-display":"","ast-hfb-above-header-display":"","ast-hfb-below-header-display":"","ast-hfb-mobile-header-display":"","site-post-title":"disabled","ast-breadcrumbs-content":"","ast-featured-img":"disabled","footer-sml-layout":"","theme-transparent-header-meta":"default","adv-header-id-meta":"","stick-header-meta":"","header-above-stick-meta":"","header-main-stick-meta":"","header-below-stick-meta":""},"_links":{"self":[{"href":"https:\/\/cacic2022.unlar.edu.ar\/index.php?rest_route=\/wp\/v2\/pages\/1368"}],"collection":[{"href":"https:\/\/cacic2022.unlar.edu.ar\/index.php?rest_route=\/wp\/v2\/pages"}],"about":[{"href":"https:\/\/cacic2022.unlar.edu.ar\/index.php?rest_route=\/wp\/v2\/types\/page"}],"author":[{"embeddable":true,"href":"https:\/\/cacic2022.unlar.edu.ar\/index.php?rest_route=\/wp\/v2\/users\/1"}],"replies":[{"embeddable":true,"href":"https:\/\/cacic2022.unlar.edu.ar\/index.php?rest_route=%2Fwp%2Fv2%2Fcomments&post=1368"}],"version-history":[{"count":10,"href":"https:\/\/cacic2022.unlar.edu.ar\/index.php?rest_route=\/wp\/v2\/pages\/1368\/revisions"}],"predecessor-version":[{"id":1406,"href":"https:\/\/cacic2022.unlar.edu.ar\/index.php?rest_route=\/wp\/v2\/pages\/1368\/revisions\/1406"}],"wp:attachment":[{"href":"https:\/\/cacic2022.unlar.edu.ar\/index.php?rest_route=%2Fwp%2Fv2%2Fmedia&parent=1368"}],"curies":[{"name":"wp","href":"https:\/\/api.w.org\/{rel}","templated":true}]}}